{"id":868,"date":"2024-05-15T13:07:10","date_gmt":"2024-05-15T11:07:10","guid":{"rendered":"http:\/\/localhost\/CREZCO\/motor-reserves8\/?page_id=868"},"modified":"2024-11-26T12:37:57","modified_gmt":"2024-11-26T10:37:57","slug":"escape-room-ninos","status":"publish","type":"page","link":"https:\/\/unrealroomescape.es\/vilapicina\/escape-room-ninos\/","title":{"rendered":"Escape Room para ni\u00f1os"},"content":{"rendered":"<p>[vc_row full_width=\u00bbstretch_row\u00bb css=\u00bb.vc_custom_1732617399380{background-image: url(https:\/\/unrealroomescape.es\/vilapicina\/wp-content\/uploads\/2024\/05\/fons-titol.jpg?id=837) !important;}\u00bb el_id=\u00bbtop-slider\u00bb][vc_column][vc_column_text]<\/p>\n<h1 style=\"text-align: center;\">Escape Room para ni\u00f1os<\/h1>\n<p>[\/vc_column_text][\/vc_column][\/vc_row][vc_row][vc_column][vc_column_text]Los juegos de escape room se han incrementado realmente en Barcelona en los \u00faltimos a\u00f1os. Inicialmente fue pensado principalmente para adultos, Barcelona ha visto florecer muchos escape rooms adecuados para<strong> ni\u00f1os<\/strong> y familias. Es por ello que Unreal Room Escape ofrece su selecci\u00f3n de juegos de escape familiar para descubrir en Barcelona.<\/p>\n<p>Los <em>ni\u00f1os<\/em> est\u00e1n interesados \u200b\u200ben los rompecabezas y los misterios, as\u00ed que por qu\u00e9 no llevarlos a un juego de escape familiar para trabajar la mente? Los juegos de escape room son juegos de aventuras donde tienes que resolver puzles, encontrar objetos ocultos y ejercitar la mente para completar la investigaci\u00f3n y desvelar el misterio en el tiempo asignado.<\/p>\n<p>&nbsp;<\/p>\n<p><img loading=\"lazy\" decoding=\"async\" class=\"aligncenter wp-image-871 size-full\" src=\"https:\/\/unrealroomescape.es\/vilapicina\/wp-content\/uploads\/2024\/05\/foto_ninos.jpg\" alt=\"\" width=\"500\" height=\"320\" srcset=\"https:\/\/unrealroomescape.es\/vilapicina\/wp-content\/uploads\/2024\/05\/foto_ninos.jpg 500w, https:\/\/unrealroomescape.es\/vilapicina\/wp-content\/uploads\/2024\/05\/foto_ninos-300x192.jpg 300w\" sizes=\"auto, (max-width: 500px) 100vw, 500px\" \/><\/p>\n<p>\u00bfPor qu\u00e9 los ni\u00f1os no deber\u00edan tener derecho a salvar el mundo, investigar o buscar tesoros?<\/p>\n<p>Muchos juegos de <strong>escape room para ni\u00f1os<\/strong> pueden alojar peque\u00f1os detectives acompa\u00f1ados de sus padres a partir de los 12 a\u00f1os. Pero tambi\u00e9n, existen escape rooms espec\u00edficamente dedicados incluso los m\u00e1s peque\u00f1os: en estos escapes, la mayor\u00eda de las veces se admiten grupos de ni\u00f1os a partir de los 6 o 7 a\u00f1os. Tambi\u00e9n disponemos de juegos de escape destinados a adultos, pero que ofrecen un modo de juego especial para ni\u00f1os, que puede elegir el modo infantil al hacer la reserva.<\/p>\n<p>Como parte de un cumplea\u00f1os, algunas veces ofrecemos paquetes que incluyen un aperitivo. Tenga en cuenta que, en la mayor\u00eda de los casos, al menos un adulto, miembro de la <em>familia<\/em> o no, tiene que formar parte del equipo.<\/p>\n<p>&nbsp;<\/p>\n<p><img loading=\"lazy\" decoding=\"async\" class=\"aligncenter wp-image-872 size-full\" src=\"https:\/\/unrealroomescape.es\/vilapicina\/wp-content\/uploads\/2024\/05\/foto_piratas.jpg\" alt=\"\" width=\"550\" height=\"365\" srcset=\"https:\/\/unrealroomescape.es\/vilapicina\/wp-content\/uploads\/2024\/05\/foto_piratas.jpg 550w, https:\/\/unrealroomescape.es\/vilapicina\/wp-content\/uploads\/2024\/05\/foto_piratas-300x199.jpg 300w\" sizes=\"auto, (max-width: 550px) 100vw, 550px\" \/><\/p>\n<p>Si a su hijo le encantan los juegos de escape, seguro que le encantar\u00e1n los juegos de escape en forma de libros o cajas, aventuras por descubrir solos, con la familia o con un peque\u00f1o grupo de amigos.[\/vc_column_text][\/vc_column][\/vc_row][vc_row][vc_column el_id=\u00bbcentre-align\u00bb]<a href=https:\/\/unrealroomescape.es\/vilapicina\/#reservas class=\"pixel_button  text-capitalize pixel_69d14a1104fb8\" ><span>Reservar<\/span><\/a>[\/vc_column][\/vc_row]<\/p>\n","protected":false},"excerpt":{"rendered":"<p>[vc_row full_width=\u00bbstretch_row\u00bb css=\u00bb.vc_custom_1732617399380{background-image: url(https:\/\/unrealroomescape.es\/vilapicina\/wp-content\/uploads\/2024\/05\/fons-titol.jpg?id=837) !important;}\u00bb el_id=\u00bbtop-slider\u00bb][vc_column][vc_column_text] Escape Room para ni\u00f1os [\/vc_column_text][\/vc_column][\/vc_row][vc_row][vc_column][vc_column_text]Los juegos de escape room se han incrementado realmente en.<\/p>\n","protected":false},"author":1,"featured_media":0,"parent":0,"menu_order":0,"comment_status":"closed","ping_status":"closed","template":"","meta":{"footnotes":""},"class_list":["post-868","page","type-page","status-publish","hentry"],"yoast_head":"<!-- This site is optimized with the Yoast SEO plugin v22.7 - https:\/\/yoast.com\/wordpress\/plugins\/seo\/ -->\n<title>Escape Room para ni\u00f1os - UNREAL ROOM ESCAPE VILAPICINA<\/title>\n<meta name=\"robots\" content=\"index, follow, max-snippet:-1, max-image-preview:large, max-video-preview:-1\" \/>\n<link rel=\"canonical\" href=\"https:\/\/unrealroomescape.es\/vilapicina\/escape-room-ninos\/\" \/>\n<meta property=\"og:locale\" content=\"es_ES\" \/>\n<meta property=\"og:type\" content=\"article\" \/>\n<meta property=\"og:title\" content=\"Escape Room para ni\u00f1os - UNREAL ROOM ESCAPE VILAPICINA\" \/>\n<meta property=\"og:description\" content=\"[vc_row full_width=\u00bbstretch_row\u00bb css=\u00bb.vc_custom_1732617399380{background-image: url(https:\/\/unrealroomescape.es\/vilapicina\/wp-content\/uploads\/2024\/05\/fons-titol.jpg?id=837) !important;}\u00bb el_id=\u00bbtop-slider\u00bb][vc_column][vc_column_text] Escape Room para ni\u00f1os [\/vc_column_text][\/vc_column][\/vc_row][vc_row][vc_column][vc_column_text]Los juegos de escape room se han incrementado realmente en.\" \/>\n<meta property=\"og:url\" content=\"https:\/\/unrealroomescape.es\/vilapicina\/escape-room-ninos\/\" \/>\n<meta property=\"og:site_name\" content=\"UNREAL ROOM ESCAPE VILAPICINA\" \/>\n<meta property=\"article:modified_time\" content=\"2024-11-26T10:37:57+00:00\" \/>\n<meta property=\"og:image\" content=\"https:\/\/unrealroomescape.es\/vilapicina\/wp-content\/uploads\/2024\/05\/foto_ninos.jpg\" \/>\n<meta name=\"twitter:card\" content=\"summary_large_image\" \/>\n<meta name=\"twitter:label1\" content=\"Tiempo de lectura\" \/>\n\t<meta name=\"twitter:data1\" content=\"2 minutos\" \/>\n<script type=\"application\/ld+json\" class=\"yoast-schema-graph\">{\"@context\":\"https:\/\/schema.org\",\"@graph\":[{\"@type\":\"WebPage\",\"@id\":\"https:\/\/unrealroomescape.es\/vilapicina\/escape-room-ninos\/\",\"url\":\"https:\/\/unrealroomescape.es\/vilapicina\/escape-room-ninos\/\",\"name\":\"Escape Room para ni\u00f1os - UNREAL ROOM ESCAPE VILAPICINA\",\"isPartOf\":{\"@id\":\"https:\/\/unrealroomescape.es\/vilapicina\/#website\"},\"primaryImageOfPage\":{\"@id\":\"https:\/\/unrealroomescape.es\/vilapicina\/escape-room-ninos\/#primaryimage\"},\"image\":{\"@id\":\"https:\/\/unrealroomescape.es\/vilapicina\/escape-room-ninos\/#primaryimage\"},\"thumbnailUrl\":\"https:\/\/unrealroomescape.es\/vilapicina\/wp-content\/uploads\/2024\/05\/foto_ninos.jpg\",\"datePublished\":\"2024-05-15T11:07:10+00:00\",\"dateModified\":\"2024-11-26T10:37:57+00:00\",\"breadcrumb\":{\"@id\":\"https:\/\/unrealroomescape.es\/vilapicina\/escape-room-ninos\/#breadcrumb\"},\"inLanguage\":\"es\",\"potentialAction\":[{\"@type\":\"ReadAction\",\"target\":[\"https:\/\/unrealroomescape.es\/vilapicina\/escape-room-ninos\/\"]}]},{\"@type\":\"ImageObject\",\"inLanguage\":\"es\",\"@id\":\"https:\/\/unrealroomescape.es\/vilapicina\/escape-room-ninos\/#primaryimage\",\"url\":\"https:\/\/unrealroomescape.es\/vilapicina\/wp-content\/uploads\/2024\/05\/foto_ninos.jpg\",\"contentUrl\":\"https:\/\/unrealroomescape.es\/vilapicina\/wp-content\/uploads\/2024\/05\/foto_ninos.jpg\",\"width\":500,\"height\":320},{\"@type\":\"BreadcrumbList\",\"@id\":\"https:\/\/unrealroomescape.es\/vilapicina\/escape-room-ninos\/#breadcrumb\",\"itemListElement\":[{\"@type\":\"ListItem\",\"position\":1,\"name\":\"Portada\",\"item\":\"https:\/\/unrealroomescape.es\/vilapicina\/\"},{\"@type\":\"ListItem\",\"position\":2,\"name\":\"Escape Room para ni\u00f1os\"}]},{\"@type\":\"WebSite\",\"@id\":\"https:\/\/unrealroomescape.es\/vilapicina\/#website\",\"url\":\"https:\/\/unrealroomescape.es\/vilapicina\/\",\"name\":\"UNREAL ROOM ESCAPE VILAPICINA\",\"description\":\"UNREAL ROOM ESCAPE VILAPICINA\",\"potentialAction\":[{\"@type\":\"SearchAction\",\"target\":{\"@type\":\"EntryPoint\",\"urlTemplate\":\"https:\/\/unrealroomescape.es\/vilapicina\/?s={search_term_string}\"},\"query-input\":\"required name=search_term_string\"}],\"inLanguage\":\"es\"}]}<\/script>\n<!-- \/ Yoast SEO plugin. -->","yoast_head_json":{"title":"Escape Room para ni\u00f1os - UNREAL ROOM ESCAPE VILAPICINA","robots":{"index":"index","follow":"follow","max-snippet":"max-snippet:-1","max-image-preview":"max-image-preview:large","max-video-preview":"max-video-preview:-1"},"canonical":"https:\/\/unrealroomescape.es\/vilapicina\/escape-room-ninos\/","og_locale":"es_ES","og_type":"article","og_title":"Escape Room para ni\u00f1os - UNREAL ROOM ESCAPE VILAPICINA","og_description":"[vc_row full_width=\u00bbstretch_row\u00bb css=\u00bb.vc_custom_1732617399380{background-image: url(https:\/\/unrealroomescape.es\/vilapicina\/wp-content\/uploads\/2024\/05\/fons-titol.jpg?id=837) !important;}\u00bb el_id=\u00bbtop-slider\u00bb][vc_column][vc_column_text] Escape Room para ni\u00f1os [\/vc_column_text][\/vc_column][\/vc_row][vc_row][vc_column][vc_column_text]Los juegos de escape room se han incrementado realmente en.","og_url":"https:\/\/unrealroomescape.es\/vilapicina\/escape-room-ninos\/","og_site_name":"UNREAL ROOM ESCAPE VILAPICINA","article_modified_time":"2024-11-26T10:37:57+00:00","og_image":[{"url":"https:\/\/unrealroomescape.es\/vilapicina\/wp-content\/uploads\/2024\/05\/foto_ninos.jpg"}],"twitter_card":"summary_large_image","twitter_misc":{"Tiempo de lectura":"2 minutos"},"schema":{"@context":"https:\/\/schema.org","@graph":[{"@type":"WebPage","@id":"https:\/\/unrealroomescape.es\/vilapicina\/escape-room-ninos\/","url":"https:\/\/unrealroomescape.es\/vilapicina\/escape-room-ninos\/","name":"Escape Room para ni\u00f1os - UNREAL ROOM ESCAPE VILAPICINA","isPartOf":{"@id":"https:\/\/unrealroomescape.es\/vilapicina\/#website"},"primaryImageOfPage":{"@id":"https:\/\/unrealroomescape.es\/vilapicina\/escape-room-ninos\/#primaryimage"},"image":{"@id":"https:\/\/unrealroomescape.es\/vilapicina\/escape-room-ninos\/#primaryimage"},"thumbnailUrl":"https:\/\/unrealroomescape.es\/vilapicina\/wp-content\/uploads\/2024\/05\/foto_ninos.jpg","datePublished":"2024-05-15T11:07:10+00:00","dateModified":"2024-11-26T10:37:57+00:00","breadcrumb":{"@id":"https:\/\/unrealroomescape.es\/vilapicina\/escape-room-ninos\/#breadcrumb"},"inLanguage":"es","potentialAction":[{"@type":"ReadAction","target":["https:\/\/unrealroomescape.es\/vilapicina\/escape-room-ninos\/"]}]},{"@type":"ImageObject","inLanguage":"es","@id":"https:\/\/unrealroomescape.es\/vilapicina\/escape-room-ninos\/#primaryimage","url":"https:\/\/unrealroomescape.es\/vilapicina\/wp-content\/uploads\/2024\/05\/foto_ninos.jpg","contentUrl":"https:\/\/unrealroomescape.es\/vilapicina\/wp-content\/uploads\/2024\/05\/foto_ninos.jpg","width":500,"height":320},{"@type":"BreadcrumbList","@id":"https:\/\/unrealroomescape.es\/vilapicina\/escape-room-ninos\/#breadcrumb","itemListElement":[{"@type":"ListItem","position":1,"name":"Portada","item":"https:\/\/unrealroomescape.es\/vilapicina\/"},{"@type":"ListItem","position":2,"name":"Escape Room para ni\u00f1os"}]},{"@type":"WebSite","@id":"https:\/\/unrealroomescape.es\/vilapicina\/#website","url":"https:\/\/unrealroomescape.es\/vilapicina\/","name":"UNREAL ROOM ESCAPE VILAPICINA","description":"UNREAL ROOM ESCAPE VILAPICINA","potentialAction":[{"@type":"SearchAction","target":{"@type":"EntryPoint","urlTemplate":"https:\/\/unrealroomescape.es\/vilapicina\/?s={search_term_string}"},"query-input":"required name=search_term_string"}],"inLanguage":"es"}]}},"_links":{"self":[{"href":"https:\/\/unrealroomescape.es\/vilapicina\/wp-json\/wp\/v2\/pages\/868","targetHints":{"allow":["GET"]}}],"collection":[{"href":"https:\/\/unrealroomescape.es\/vilapicina\/wp-json\/wp\/v2\/pages"}],"about":[{"href":"https:\/\/unrealroomescape.es\/vilapicina\/wp-json\/wp\/v2\/types\/page"}],"author":[{"embeddable":true,"href":"https:\/\/unrealroomescape.es\/vilapicina\/wp-json\/wp\/v2\/users\/1"}],"replies":[{"embeddable":true,"href":"https:\/\/unrealroomescape.es\/vilapicina\/wp-json\/wp\/v2\/comments?post=868"}],"version-history":[{"count":11,"href":"https:\/\/unrealroomescape.es\/vilapicina\/wp-json\/wp\/v2\/pages\/868\/revisions"}],"predecessor-version":[{"id":870,"href":"https:\/\/unrealroomescape.es\/vilapicina\/wp-json\/wp\/v2\/pages\/868\/revisions\/870"}],"wp:attachment":[{"href":"https:\/\/unrealroomescape.es\/vilapicina\/wp-json\/wp\/v2\/media?parent=868"}],"curies":[{"name":"wp","href":"https:\/\/api.w.org\/{rel}","templated":true}]}}