{"id":861,"date":"2024-05-15T12:55:11","date_gmt":"2024-05-15T10:55:11","guid":{"rendered":"http:\/\/localhost\/CREZCO\/motor-reserves8\/?page_id=861"},"modified":"2025-05-10T09:18:54","modified_gmt":"2025-05-10T07:18:54","slug":"room-escape-parejas","status":"publish","type":"page","link":"https:\/\/unrealroomescape.es\/mataro\/room-escape-parejas\/","title":{"rendered":"Escape Parejas"},"content":{"rendered":"<p>[vc_row full_width=\u00bbstretch_row\u00bb to_para_bg=\u00bbimage\u00bb to_para_img=\u00bbhttps:\/\/unrealroomescape.es\/hospitalet\/wp-content\/uploads\/2014\/06\/escape-room.jpg\u00bb css=\u00bb.vc_custom_1730976069487{background-image: url(https:\/\/unrealroomescape.es\/sants\/wp-content\/uploads\/2024\/05\/fons-titol.jpg?id=837) !important;}\u00bb el_id=\u00bbtop-slider\u00bb][vc_column][vc_column_text]<\/p>\n<h1 style=\"text-align: center;\">Escape para\u00a0Parejas<\/h1>\n<p>[\/vc_column_text][\/vc_column][\/vc_row][vc_row][vc_column][vc_column_text]Si est\u00e1s buscando una actividad divertida para hacer con tu pareja <a href=\"http:\/\/unrealroomescape.es\/\">Unreal Room Escape<\/a>\u00a0es tu soluci\u00f3n, el\u00a0<strong>Room Escape <\/strong>es\u00a0perfecto para difrutar de un buen rato de diversi\u00f3n con tu media naranja.<\/p>\n<p style=\"text-align: center;\">\u00a1A qu\u00e9 esperas, <a href=\"http:\/\/unrealroomescape.es\/mataro\/#reservas\">reserva<\/a> ya tu experiencia de <em>escape room<\/em>!<\/p>\n<p>[\/vc_column_text][vc_single_image image=\u00bb864&#8243; img_size=\u00bbfull\u00bb alignment=\u00bbcenter\u00bb][\/vc_column][\/vc_row][vc_row][vc_column][vc_column_text]<\/p>\n<h2 style=\"text-align: center;\">Room Escape para Parejas en Matar\u00f3, Barcelona<\/h2>\n<p>&nbsp;<\/p>\n<p>Dicen que la\u00a0uni\u00f3n hace la fuerza y en el <strong>Escape Room<\/strong> la deber\u00e9is\u00a0aprovechar al m\u00e1ximo. Adem\u00e1s os ten\u00e9is que beneficiar tanto de las virtudes\u00a0y cualidades\u00a0de uno mismo\u00a0como las de tu acompa\u00f1ante, as\u00ed tendr\u00e9is m\u00e1s posibilidades de solventar el enigma.<br \/>\nEl trabajo en equipo es fundamental, puesto que\u00a0una \u00fanica persona lo tiene muy dif\u00edcil para salir sin ayuda,\u00a0as\u00ed que os tendr\u00e9is que escuchar\u00a0para cooperar y escapar.<\/p>\n<p>Otro aspecto importante para salir de la\u00a0<strong>sala de escape<em>\u00a0<\/em><\/strong>es la organizaci\u00f3n ya que, si no os organiz\u00e1is correctamente, no ser\u00e9is capaces de escapar.[\/vc_column_text][\/vc_column][\/vc_row][vc_row][vc_column width=\u00bb1\/2&#8243;][vc_single_image image=\u00bb865&#8243; img_size=\u00bbfull\u00bb alignment=\u00bbcenter\u00bb css=\u00bb.vc_custom_1730385536569{margin-top: 30px !important;}\u00bb][\/vc_column][vc_column width=\u00bb1\/2&#8243;][vc_column_text]<\/p>\n<h3>\u00bfSer\u00e9is\u00a0capaces de compenetraros como pareja y\u00a0conseguir escapar de la sala a tiempo?<\/h3>\n<p>&nbsp;<\/p>\n<p>En\u00a0<strong>Unreal\u00a0Room Escape<\/strong>\u00a0hemos creado esta actividad para que evoque al realismo y cree el mayor entretenimiento posible siempre buscando\u00a0que sea una experiencia \u00fanica y diferente.<\/p>\n<p>Esta\u00a0<strong>actividad de ocio<\/strong>\u00a0pretende activaros\u00a0los 5 sentidos y haceros sentir la\u00a0adrenalina para que disfrut\u00e9is de una experiencia\u00a0<strong>room escape<\/strong>\u00a0al\u00a0m\u00e1ximo<\/p>\n<p>Esta actividad de escape se desarrollar\u00e1 en una sala llena de enigmas y objetos extra\u00f1os y numerosos misterios. Una vez tu pareja y t\u00fa est\u00e9is dentro de la sala, la puerta de esta se cerrar\u00e1 y tendr\u00e9is 90 minutos para conseguir escapar antes de que se acabe el tiempo.<\/p>\n<p>Sin duda\u00a0<strong><u>Unreal Room Escape Matar\u00f3<\/u><\/strong><strong>\u00a0<\/strong>os propone\u00a0esta actividad de ocio, atrevida y divertida, en donde t\u00fa y tu pareja\u00a0os divertir\u00e9is mediante el uso de la l\u00f3gica.<\/p>\n<p style=\"text-align: center;\">\u00a0\u00a1Os esperamos!<\/p>\n<p>[\/vc_column_text][\/vc_column][\/vc_row][vc_row][vc_column el_id=\u00bbcentre-align\u00bb]<a href=https:\/\/unrealroomescape.es\/mataro\/#reservas class=\"pixel_button  text-capitalize pixel_69dce03af145b\" ><span>Reservar<\/span><\/a>[\/vc_column][\/vc_row]<\/p>\n","protected":false},"excerpt":{"rendered":"<p>[vc_row full_width=\u00bbstretch_row\u00bb to_para_bg=\u00bbimage\u00bb to_para_img=\u00bbhttps:\/\/unrealroomescape.es\/hospitalet\/wp-content\/uploads\/2014\/06\/escape-room.jpg\u00bb css=\u00bb.vc_custom_1730976069487{background-image: url(https:\/\/unrealroomescape.es\/sants\/wp-content\/uploads\/2024\/05\/fons-titol.jpg?id=837) !important;}\u00bb el_id=\u00bbtop-slider\u00bb][vc_column][vc_column_text] Escape para\u00a0Parejas [\/vc_column_text][\/vc_column][\/vc_row][vc_row][vc_column][vc_column_text]Si est\u00e1s buscando una actividad divertida para hacer con tu.<\/p>\n","protected":false},"author":1,"featured_media":0,"parent":0,"menu_order":0,"comment_status":"closed","ping_status":"closed","template":"","meta":{"footnotes":""},"class_list":["post-861","page","type-page","status-publish","hentry"],"yoast_head":"<!-- This site is optimized with the Yoast SEO plugin v22.7 - https:\/\/yoast.com\/wordpress\/plugins\/seo\/ -->\n<title>Escape Parejas - UNREAL ROOM ESCAPE MATAR\u00d3<\/title>\n<meta name=\"robots\" content=\"index, follow, max-snippet:-1, max-image-preview:large, max-video-preview:-1\" \/>\n<link rel=\"canonical\" href=\"https:\/\/unrealroomescape.es\/mataro\/room-escape-parejas\/\" \/>\n<meta property=\"og:locale\" content=\"es_ES\" \/>\n<meta property=\"og:type\" content=\"article\" \/>\n<meta property=\"og:title\" content=\"Escape Parejas - UNREAL ROOM ESCAPE MATAR\u00d3\" \/>\n<meta property=\"og:description\" content=\"[vc_row full_width=\u00bbstretch_row\u00bb to_para_bg=\u00bbimage\u00bb to_para_img=\u00bbhttps:\/\/unrealroomescape.es\/hospitalet\/wp-content\/uploads\/2014\/06\/escape-room.jpg\u00bb css=\u00bb.vc_custom_1730976069487{background-image: url(https:\/\/unrealroomescape.es\/sants\/wp-content\/uploads\/2024\/05\/fons-titol.jpg?id=837) !important;}\u00bb el_id=\u00bbtop-slider\u00bb][vc_column][vc_column_text] Escape para\u00a0Parejas [\/vc_column_text][\/vc_column][\/vc_row][vc_row][vc_column][vc_column_text]Si est\u00e1s buscando una actividad divertida para hacer con tu.\" \/>\n<meta property=\"og:url\" content=\"https:\/\/unrealroomescape.es\/mataro\/room-escape-parejas\/\" \/>\n<meta property=\"og:site_name\" content=\"UNREAL ROOM ESCAPE MATAR\u00d3\" \/>\n<meta property=\"article:modified_time\" content=\"2025-05-10T07:18:54+00:00\" \/>\n<meta name=\"twitter:card\" content=\"summary_large_image\" \/>\n<meta name=\"twitter:label1\" content=\"Tiempo de lectura\" \/>\n\t<meta name=\"twitter:data1\" content=\"2 minutos\" \/>\n<script type=\"application\/ld+json\" class=\"yoast-schema-graph\">{\"@context\":\"https:\/\/schema.org\",\"@graph\":[{\"@type\":\"WebPage\",\"@id\":\"https:\/\/unrealroomescape.es\/mataro\/room-escape-parejas\/\",\"url\":\"https:\/\/unrealroomescape.es\/mataro\/room-escape-parejas\/\",\"name\":\"Escape Parejas - UNREAL ROOM ESCAPE MATAR\u00d3\",\"isPartOf\":{\"@id\":\"https:\/\/unrealroomescape.es\/mataro\/#website\"},\"datePublished\":\"2024-05-15T10:55:11+00:00\",\"dateModified\":\"2025-05-10T07:18:54+00:00\",\"breadcrumb\":{\"@id\":\"https:\/\/unrealroomescape.es\/mataro\/room-escape-parejas\/#breadcrumb\"},\"inLanguage\":\"es\",\"potentialAction\":[{\"@type\":\"ReadAction\",\"target\":[\"https:\/\/unrealroomescape.es\/mataro\/room-escape-parejas\/\"]}]},{\"@type\":\"BreadcrumbList\",\"@id\":\"https:\/\/unrealroomescape.es\/mataro\/room-escape-parejas\/#breadcrumb\",\"itemListElement\":[{\"@type\":\"ListItem\",\"position\":1,\"name\":\"Portada\",\"item\":\"https:\/\/unrealroomescape.es\/mataro\/\"},{\"@type\":\"ListItem\",\"position\":2,\"name\":\"Escape Parejas\"}]},{\"@type\":\"WebSite\",\"@id\":\"https:\/\/unrealroomescape.es\/mataro\/#website\",\"url\":\"https:\/\/unrealroomescape.es\/mataro\/\",\"name\":\"UNREAL ROOM ESCAPE MATAR\u00d3\",\"description\":\"UNREAL ROOM ESCAPE MATAR\u00d3\",\"potentialAction\":[{\"@type\":\"SearchAction\",\"target\":{\"@type\":\"EntryPoint\",\"urlTemplate\":\"https:\/\/unrealroomescape.es\/mataro\/?s={search_term_string}\"},\"query-input\":\"required name=search_term_string\"}],\"inLanguage\":\"es\"}]}<\/script>\n<!-- \/ Yoast SEO plugin. -->","yoast_head_json":{"title":"Escape Parejas - UNREAL ROOM ESCAPE MATAR\u00d3","robots":{"index":"index","follow":"follow","max-snippet":"max-snippet:-1","max-image-preview":"max-image-preview:large","max-video-preview":"max-video-preview:-1"},"canonical":"https:\/\/unrealroomescape.es\/mataro\/room-escape-parejas\/","og_locale":"es_ES","og_type":"article","og_title":"Escape Parejas - UNREAL ROOM ESCAPE MATAR\u00d3","og_description":"[vc_row full_width=\u00bbstretch_row\u00bb to_para_bg=\u00bbimage\u00bb to_para_img=\u00bbhttps:\/\/unrealroomescape.es\/hospitalet\/wp-content\/uploads\/2014\/06\/escape-room.jpg\u00bb css=\u00bb.vc_custom_1730976069487{background-image: url(https:\/\/unrealroomescape.es\/sants\/wp-content\/uploads\/2024\/05\/fons-titol.jpg?id=837) !important;}\u00bb el_id=\u00bbtop-slider\u00bb][vc_column][vc_column_text] Escape para\u00a0Parejas [\/vc_column_text][\/vc_column][\/vc_row][vc_row][vc_column][vc_column_text]Si est\u00e1s buscando una actividad divertida para hacer con tu.","og_url":"https:\/\/unrealroomescape.es\/mataro\/room-escape-parejas\/","og_site_name":"UNREAL ROOM ESCAPE MATAR\u00d3","article_modified_time":"2025-05-10T07:18:54+00:00","twitter_card":"summary_large_image","twitter_misc":{"Tiempo de lectura":"2 minutos"},"schema":{"@context":"https:\/\/schema.org","@graph":[{"@type":"WebPage","@id":"https:\/\/unrealroomescape.es\/mataro\/room-escape-parejas\/","url":"https:\/\/unrealroomescape.es\/mataro\/room-escape-parejas\/","name":"Escape Parejas - UNREAL ROOM ESCAPE MATAR\u00d3","isPartOf":{"@id":"https:\/\/unrealroomescape.es\/mataro\/#website"},"datePublished":"2024-05-15T10:55:11+00:00","dateModified":"2025-05-10T07:18:54+00:00","breadcrumb":{"@id":"https:\/\/unrealroomescape.es\/mataro\/room-escape-parejas\/#breadcrumb"},"inLanguage":"es","potentialAction":[{"@type":"ReadAction","target":["https:\/\/unrealroomescape.es\/mataro\/room-escape-parejas\/"]}]},{"@type":"BreadcrumbList","@id":"https:\/\/unrealroomescape.es\/mataro\/room-escape-parejas\/#breadcrumb","itemListElement":[{"@type":"ListItem","position":1,"name":"Portada","item":"https:\/\/unrealroomescape.es\/mataro\/"},{"@type":"ListItem","position":2,"name":"Escape Parejas"}]},{"@type":"WebSite","@id":"https:\/\/unrealroomescape.es\/mataro\/#website","url":"https:\/\/unrealroomescape.es\/mataro\/","name":"UNREAL ROOM ESCAPE MATAR\u00d3","description":"UNREAL ROOM ESCAPE MATAR\u00d3","potentialAction":[{"@type":"SearchAction","target":{"@type":"EntryPoint","urlTemplate":"https:\/\/unrealroomescape.es\/mataro\/?s={search_term_string}"},"query-input":"required name=search_term_string"}],"inLanguage":"es"}]}},"_links":{"self":[{"href":"https:\/\/unrealroomescape.es\/mataro\/wp-json\/wp\/v2\/pages\/861"}],"collection":[{"href":"https:\/\/unrealroomescape.es\/mataro\/wp-json\/wp\/v2\/pages"}],"about":[{"href":"https:\/\/unrealroomescape.es\/mataro\/wp-json\/wp\/v2\/types\/page"}],"author":[{"embeddable":true,"href":"https:\/\/unrealroomescape.es\/mataro\/wp-json\/wp\/v2\/users\/1"}],"replies":[{"embeddable":true,"href":"https:\/\/unrealroomescape.es\/mataro\/wp-json\/wp\/v2\/comments?post=861"}],"version-history":[{"count":7,"href":"https:\/\/unrealroomescape.es\/mataro\/wp-json\/wp\/v2\/pages\/861\/revisions"}],"predecessor-version":[{"id":1174,"href":"https:\/\/unrealroomescape.es\/mataro\/wp-json\/wp\/v2\/pages\/861\/revisions\/1174"}],"wp:attachment":[{"href":"https:\/\/unrealroomescape.es\/mataro\/wp-json\/wp\/v2\/media?parent=861"}],"curies":[{"name":"wp","href":"https:\/\/api.w.org\/{rel}","templated":true}]}}