{"id":344,"date":"2021-11-13T11:05:05","date_gmt":"2021-11-13T11:05:05","guid":{"rendered":"https:\/\/kamleshyadav.com\/templatemonster\/garden\/?page_id=344"},"modified":"2024-10-31T16:55:48","modified_gmt":"2024-10-31T14:55:48","slug":"preguntas-frecuentes-escape-room","status":"publish","type":"page","link":"https:\/\/unrealroomescape.es\/mataro\/preguntas-frecuentes-escape-room\/","title":{"rendered":"FAQ&#8217;s"},"content":{"rendered":"<p>[vc_row full_width=\u00bbstretch_row\u00bb to_section_layout=\u00bbfull-width\u00bb to_para_bg=\u00bbimage\u00bb css=\u00bb.vc_custom_1714730723323{padding-bottom: 80px !important;background-image: url(http:\/\/localhost\/CREZCO\/motor-reserves8\/wp-content\/uploads\/2024\/05\/fondo-web.jpg?id=657) !important;background-position: 0 0 !important;background-repeat: repeat !important;}\u00bb el_id=\u00bbpagina-faq\u00bb to_para_img=\u00bbhttps:\/\/unrealroomescape.es\/hospitalet\/wp-content\/uploads\/2019\/10\/fondo-web.jpg\u00bb][vc_column][vc_row_inner css=\u00bb.vc_custom_1714728120457{padding-bottom: 80px !important;}\u00bb][vc_column_inner]<section class=\"pixel_fancy_heading text-center border_bottom pixel_69dcf3a3a3d53\"><h1>PREGUNTAS FREQUENTES - FAQ<\/h1><\/section>[\/vc_column_inner][\/vc_row_inner][vc_row_inner css=\u00bb.vc_custom_1490895119909{padding-bottom: 40px !important;}\u00bb el_id=\u00bbfaq\u00bb][vc_column_inner width=\u00bb1\/3&#8243; delay=\u00bb0ms\u00bb css=\u00bb.vc_custom_1490187908582{padding-right: 10px !important;padding-left: 10px !important;}\u00bb][vc_icon icon_fontawesome=\u00bbfar fa-question-circle\u00bb color=\u00bbwhite\u00bb size=\u00bblg\u00bb align=\u00bbcenter\u00bb]<section class=\"pixel_fancy_heading text-center no_border pixel_69dcf3a3a3d9f\"><h4>\u00bfQu\u00e9 es un room escape?<\/h4><\/section>[vc_column_text css=\u00bb.vc_custom_1714729203502{padding-top: 20px !important;}\u00bb]<\/p>\n<p style=\"text-align: center;\">Unreal Room Escape te ofrece la posibilidad de adentrarte en lo que ser\u00e1 algo m\u00e1s que un juego. Una experiencia \u00fanica en la que tendr\u00e1s que jugar en equipo y superar todas las adversidades que os vay\u00e1is encontrando, resolver enigmas, acertijos, pruebas de todo tipo con el fin de cumplir con vuestra misi\u00f3n y salir a tiempo.<\/p>\n<p>[\/vc_column_text][\/vc_column_inner][vc_column_inner width=\u00bb1\/3&#8243; delay=\u00bb0ms\u00bb css=\u00bb.vc_custom_1490187940380{padding-right: 10px !important;padding-left: 10px !important;}\u00bb][vc_icon icon_fontawesome=\u00bbfar fa-clock\u00bb color=\u00bbwhite\u00bb size=\u00bblg\u00bb align=\u00bbcenter\u00bb]<section class=\"pixel_fancy_heading text-center no_border pixel_69dcf3a3a3dc5\"><h4>\u00bfCu\u00e1nto dura la actividad?<\/h4><\/section>[vc_column_text css=\u00bb.vc_custom_1714729402215{padding-top: 20px !important;}\u00bb]<\/p>\n<p style=\"text-align: center;\">La experiencia\u00a0room escape\u00a0dura 90 minutos.<\/p>\n<p>[\/vc_column_text][\/vc_column_inner][vc_column_inner width=\u00bb1\/3&#8243; delay=\u00bb0ms\u00bb css=\u00bb.vc_custom_1490187947449{padding-right: 10px !important;padding-left: 10px !important;}\u00bb][vc_icon icon_fontawesome=\u00bbfas fa-running\u00bb color=\u00bbwhite\u00bb size=\u00bblg\u00bb align=\u00bbcenter\u00bb]<section class=\"pixel_fancy_heading text-center no_border pixel_69dcf3a3a3df2\"><h4>\u00bfQu\u00e9 ocurre si no consigo salir a tiempo?<\/h4><\/section>[vc_column_text css=\u00bb.vc_custom_1714729558149{padding-top: 20px !important;}\u00bb]<\/p>\n<p style=\"text-align: center;\">Tranquilo, que no te quedar\u00e1s encerrado para siempre. Al acabar el tiempo el Game Master os abrir\u00e1 la puerta de salida y aunque no hay\u00e1is conseguido el objetivo, estamos seguros de que la experiencia que habr\u00e9is pasado habr\u00e1 sido \u00fanica ya que la diversi\u00f3n, emociones y adrenalina est\u00e1n garantizadas.<\/p>\n<p>[\/vc_column_text][\/vc_column_inner][\/vc_row_inner][vc_row_inner css=\u00bb.vc_custom_1490187742719{padding-bottom: 40px !important;}\u00bb][vc_column_inner width=\u00bb1\/3&#8243;][vc_icon icon_fontawesome=\u00bbfas fa-heartbeat\u00bb color=\u00bbwhite\u00bb size=\u00bblg\u00bb align=\u00bbcenter\u00bb]<section class=\"pixel_fancy_heading text-center no_border pixel_69dcf3a3a3e11\"><h4>\u00bfEl juego da miedo?<\/h4><\/section>[vc_column_text css=\u00bb.vc_custom_1730386545645{padding-top: 20px !important;}\u00bb]<\/p>\n<p style=\"text-align: center;\">Nuestro juego de escape no es de miedo ni terror, y nuestro objetivo no es asustarte aunque algunos de nuestros escenarios\/pruebas puedan generarte cierta adrenalina.<\/p>\n<p>[\/vc_column_text][\/vc_column_inner][vc_column_inner width=\u00bb1\/3&#8243;][vc_icon icon_fontawesome=\u00bbfas fa-globe-americas\u00bb color=\u00bbwhite\u00bb size=\u00bblg\u00bb align=\u00bbcenter\u00bb]<section class=\"pixel_fancy_heading text-center no_border pixel_69dcf3a3a3e2d\"><h4>\u00bfEn qu\u00e9 idioma se puede jugar?<\/h4><\/section>[vc_column_text css=\u00bb.vc_custom_1714729754444{padding-top: 20px !important;}\u00bb]<\/p>\n<p style=\"text-align: center;\">Nuestro juego no requiere espec\u00edficamente de un idioma en concreto ya que visual y f\u00edsicamente est\u00e1 todo preparado para que el \u00fanico idioma que necesit\u00e9is sea la comunicaci\u00f3n entre vosotros. De todas formas podemos dar pistas en castellano, catal\u00e1n e ingl\u00e9s.<\/p>\n<p>[\/vc_column_text][\/vc_column_inner][vc_column_inner width=\u00bb1\/3&#8243;][vc_icon icon_fontawesome=\u00bbfas fa-baby\u00bb color=\u00bbwhite\u00bb size=\u00bblg\u00bb align=\u00bbcenter\u00bb]<section class=\"pixel_fancy_heading text-center no_border pixel_69dcf3a3a3e48\"><h4>\u00bfCu\u00e1l es la edad m\u00ednima para jugar?<\/h4><\/section>[vc_column_text css=\u00bb.vc_custom_1714729778588{padding-top: 20px !important;}\u00bb]<\/p>\n<p style=\"text-align: center;\">La edad m\u00ednima para venir a jugar es a partir de 5 a\u00f1os acompa\u00f1ados de un adulto y a partir de 12 a\u00f1os solos. La edad m\u00e1xima? Hemos visto aut\u00e9nticos\/as mineros\/as de m\u00e1s de 70 a\u00f1os d\u00e1ndolo todo en nuestras instalaciones!<\/p>\n<p>[\/vc_column_text][\/vc_column_inner][\/vc_row_inner][vc_row_inner css=\u00bb.vc_custom_1490187757998{padding-bottom: 40px !important;}\u00bb][vc_column_inner width=\u00bb1\/3&#8243;][vc_icon icon_fontawesome=\u00bbfas fa-tshirt\u00bb color=\u00bbwhite\u00bb size=\u00bblg\u00bb align=\u00bbcenter\u00bb]<section class=\"pixel_fancy_heading text-center no_border pixel_69dcf3a3a3e63\"><h4>\u00bfQu\u00e9 ropa\/calzado debo llevar?<\/h4><\/section>[vc_column_text css=\u00bb.vc_custom_1714729967407{padding-top: 20px !important;}\u00bb]<\/p>\n<p style=\"text-align: center;\">Os recomendamos venir con zapatillas c\u00f3modas o deportivas. Respecto a la ropa, cualquier cosa con la que te sientas c\u00f3modo\/a y puedas moverte con libertad y ligereza por nuestra sala de escape. Y recordad traer las gafas los que llev\u00e9is!\u00a0\ud83d\ude42<\/p>\n<p>[\/vc_column_text][\/vc_column_inner][vc_column_inner width=\u00bb1\/3&#8243;][vc_icon icon_fontawesome=\u00bbfas fa-laptop-code\u00bb color=\u00bbwhite\u00bb size=\u00bblg\u00bb align=\u00bbcenter\u00bb]<section class=\"pixel_fancy_heading text-center no_border pixel_69dcf3a3a3e7c\"><h4>\u00bfC\u00f3mo hago la reserva?<\/h4><\/section>[vc_column_text css=\u00bb.vc_custom_1714729993095{padding-top: 20px !important;}\u00bb]<\/p>\n<p style=\"text-align: center;\">La reserva s\u00f3lo se puede hacer online a trav\u00e9s de nuestra p\u00e1gina web en el apartado de RESERVAS. Debes elegir la sala, el d\u00eda y la hora rellenar vuestros datos y listos!<\/p>\n<p>[\/vc_column_text][\/vc_column_inner][vc_column_inner width=\u00bb1\/3&#8243;][vc_icon icon_fontawesome=\u00bbfas fa-clock\u00bb color=\u00bbwhite\u00bb size=\u00bblg\u00bb align=\u00bbcenter\u00bb]<section class=\"pixel_fancy_heading text-center no_border pixel_69dcf3a3a3e95\"><h4>\u00bfQu\u00e9 ocurre si llego tarde?<\/h4><\/section>[vc_column_text css=\u00bb.vc_custom_1714730016923{padding-top: 20px !important;}\u00bb]<\/p>\n<p style=\"text-align: center;\">La puntualidad es muy importante, ya que realizamos varias sesiones al d\u00eda y de ella dependen el resto de grupos. Para poder garantizar una experiencia de juego \u00fanica se necesita el tiempo completo de cada sesi\u00f3n, de todas formas si lleg\u00e1is tarde podr\u00e9is entrar pero se os restar\u00e1 el tiempo en el juego.<\/p>\n<p>[\/vc_column_text][\/vc_column_inner][\/vc_row_inner][vc_row_inner css=\u00bb.vc_custom_1490187764900{padding-bottom: 40px !important;}\u00bb][vc_column_inner width=\u00bb1\/3&#8243;][vc_icon icon_fontawesome=\u00bbfas fa-gift\u00bb color=\u00bbwhite\u00bb size=\u00bblg\u00bb align=\u00bbcenter\u00bb]<section class=\"pixel_fancy_heading text-center no_border pixel_69dcf3a3a3ead\"><h4>\u00bfQuiero regalar la experiencia, c\u00f3mo lo hago?<\/h4><\/section>[vc_column_text css=\u00bb.vc_custom_1714730176266{padding-top: 20px !important;}\u00bb]<\/p>\n<p style=\"text-align: center;\">Tan solo tienes que ir al apartado de\u00a0Bono Regalo\u00a0y elegir entre las dos opciones que te proponemos. \u00bfQu\u00e9 mejor regalo para un d\u00eda tan especial?<\/p>\n<p>[\/vc_column_text][\/vc_column_inner][vc_column_inner width=\u00bb1\/3&#8243;][vc_icon icon_fontawesome=\u00bbfas fa-tags\u00bb color=\u00bbwhite\u00bb size=\u00bblg\u00bb align=\u00bbcenter\u00bb]<section class=\"pixel_fancy_heading text-center no_border pixel_69dcf3a3a3ec5\"><h4>\u00bfQu\u00e9 hago si tengo un c\u00f3digo de descuento o un bono regalo?<\/h4><\/section>[vc_column_text css=\u00bb.vc_custom_1714730202851{padding-top: 20px !important;}\u00bb]<\/p>\n<p style=\"text-align: center;\">Si dispones de un c\u00f3digo de descuento o de bono regalo, solamente debes introducir el c\u00f3digo en el proceso de reserva y comprobar que se ha aplicado correctamente.<\/p>\n<p>[\/vc_column_text][\/vc_column_inner][vc_column_inner width=\u00bb1\/3&#8243;][vc_icon icon_fontawesome=\u00bbfas fa-users-cog\u00bb color=\u00bbwhite\u00bb size=\u00bblg\u00bb align=\u00bbcenter\u00bb]<section class=\"pixel_fancy_heading text-center no_border pixel_69dcf3a3a3edc\"><h4>\u00bfEn qu\u00e9 consiste el Team-Building para empresas?<\/h4><\/section>[vc_column_text css=\u00bb.vc_custom_1714730229851{padding-top: 20px !important;}\u00bb]<\/p>\n<p style=\"text-align: center;\">Con este m\u00e9todo room escape para empresas los miembros del equipo tienen la oportunidad de trabajar unidos bajo diferentes circunstancias en las que cada uno de ellos pondr\u00e1 a prueba sus habilidades y desarrollar\u00e1 un papel fundamental en el que deber\u00e1n dejar a un lado su zona de confort para enfrentarse a retos y tener la oportunidad de mejorar las relaciones interpersonales.<\/p>\n<p>[\/vc_column_text][\/vc_column_inner][\/vc_row_inner][vc_row_inner][vc_column_inner width=\u00bb1\/3&#8243;][vc_icon icon_fontawesome=\u00bbfas fa-sitemap\u00bb color=\u00bbwhite\u00bb size=\u00bblg\u00bb align=\u00bbcenter\u00bb]<section class=\"pixel_fancy_heading text-center no_border pixel_69dcf3a3a3ef2\"><h4>\u00bfC\u00f3mo puedo organizar un evento de Team-Building?<\/h4><\/section>[vc_column_text css=\u00bb.vc_custom_1714730369298{padding-top: 20px !important;}\u00bb]<\/p>\n<p style=\"text-align: center;\">Tenemos packs y ofertas especiales dise\u00f1adas para las empresas. Por favor, p\u00f3ngase en contacto con nosotros y nos adaptaremos a la opci\u00f3n que m\u00e1s le convenga seg\u00fan sus necesidades.<\/p>\n<p>[\/vc_column_text][\/vc_column_inner][vc_column_inner width=\u00bb1\/3&#8243;][vc_icon icon_fontawesome=\u00bbfas fa-file-invoice-dollar\u00bb color=\u00bbwhite\u00bb size=\u00bblg\u00bb align=\u00bbcenter\u00bb]<section class=\"pixel_fancy_heading text-center no_border pixel_69dcf3a3a3f09\"><h4>\u00bfPuedo obtener factura?<\/h4><\/section>[vc_column_text css=\u00bb.vc_custom_1714730392778{padding-top: 20px !important;}\u00bb]<\/p>\n<p style=\"text-align: center;\">Si, s\u00f3lo tienes que escoger la opci\u00f3n durante el proceso de reserva y facilitarnos la informaci\u00f3n de tu empresa por adelantado para poder mand\u00e1rtela por email.<\/p>\n<p>[\/vc_column_text][\/vc_column_inner][vc_column_inner width=\u00bb1\/3&#8243;][\/vc_column_inner][\/vc_row_inner][\/vc_column][\/vc_row]<\/p>\n","protected":false},"excerpt":{"rendered":"<p>[vc_row full_width=\u00bbstretch_row\u00bb to_section_layout=\u00bbfull-width\u00bb to_para_bg=\u00bbimage\u00bb css=\u00bb.vc_custom_1714730723323{padding-bottom: 80px !important;background-image: url(http:\/\/localhost\/CREZCO\/motor-reserves8\/wp-content\/uploads\/2024\/05\/fondo-web.jpg?id=657) !important;background-position: 0 0 !important;background-repeat: repeat !important;}\u00bb el_id=\u00bbpagina-faq\u00bb to_para_img=\u00bbhttps:\/\/unrealroomescape.es\/hospitalet\/wp-content\/uploads\/2019\/10\/fondo-web.jpg\u00bb][vc_column][vc_row_inner css=\u00bb.vc_custom_1714728120457{padding-bottom: 80px !important;}\u00bb][vc_column_inner][\/vc_column_inner][\/vc_row_inner][vc_row_inner css=\u00bb.vc_custom_1490895119909{padding-bottom:.<\/p>\n","protected":false},"author":1,"featured_media":0,"parent":0,"menu_order":0,"comment_status":"closed","ping_status":"closed","template":"","meta":{"footnotes":""},"class_list":["post-344","page","type-page","status-publish","hentry"],"yoast_head":"<!-- This site is optimized with the Yoast SEO plugin v22.7 - https:\/\/yoast.com\/wordpress\/plugins\/seo\/ -->\n<title>FAQ&#039;s - UNREAL ROOM ESCAPE MATAR\u00d3<\/title>\n<meta name=\"robots\" content=\"index, follow, max-snippet:-1, max-image-preview:large, max-video-preview:-1\" \/>\n<link rel=\"canonical\" href=\"https:\/\/unrealroomescape.es\/mataro\/preguntas-frecuentes-escape-room\/\" \/>\n<meta property=\"og:locale\" content=\"es_ES\" \/>\n<meta property=\"og:type\" content=\"article\" \/>\n<meta property=\"og:title\" content=\"FAQ&#039;s - UNREAL ROOM ESCAPE MATAR\u00d3\" \/>\n<meta property=\"og:description\" content=\"[vc_row full_width=\u00bbstretch_row\u00bb to_section_layout=\u00bbfull-width\u00bb to_para_bg=\u00bbimage\u00bb css=\u00bb.vc_custom_1714730723323{padding-bottom: 80px !important;background-image: url(http:\/\/localhost\/CREZCO\/motor-reserves8\/wp-content\/uploads\/2024\/05\/fondo-web.jpg?id=657) !important;background-position: 0 0 !important;background-repeat: repeat !important;}\u00bb el_id=\u00bbpagina-faq\u00bb to_para_img=\u00bbhttps:\/\/unrealroomescape.es\/hospitalet\/wp-content\/uploads\/2019\/10\/fondo-web.jpg\u00bb][vc_column][vc_row_inner css=\u00bb.vc_custom_1714728120457{padding-bottom: 80px !important;}\u00bb][vc_column_inner][\/vc_column_inner][\/vc_row_inner][vc_row_inner css=\u00bb.vc_custom_1490895119909{padding-bottom:.\" \/>\n<meta property=\"og:url\" content=\"https:\/\/unrealroomescape.es\/mataro\/preguntas-frecuentes-escape-room\/\" \/>\n<meta property=\"og:site_name\" content=\"UNREAL ROOM ESCAPE MATAR\u00d3\" \/>\n<meta property=\"article:modified_time\" content=\"2024-10-31T14:55:48+00:00\" \/>\n<meta name=\"twitter:card\" content=\"summary_large_image\" \/>\n<meta name=\"twitter:label1\" content=\"Tiempo de lectura\" \/>\n\t<meta name=\"twitter:data1\" content=\"4 minutos\" \/>\n<script type=\"application\/ld+json\" class=\"yoast-schema-graph\">{\"@context\":\"https:\/\/schema.org\",\"@graph\":[{\"@type\":\"WebPage\",\"@id\":\"https:\/\/unrealroomescape.es\/mataro\/preguntas-frecuentes-escape-room\/\",\"url\":\"https:\/\/unrealroomescape.es\/mataro\/preguntas-frecuentes-escape-room\/\",\"name\":\"FAQ's - UNREAL ROOM ESCAPE MATAR\u00d3\",\"isPartOf\":{\"@id\":\"https:\/\/unrealroomescape.es\/mataro\/#website\"},\"datePublished\":\"2021-11-13T11:05:05+00:00\",\"dateModified\":\"2024-10-31T14:55:48+00:00\",\"breadcrumb\":{\"@id\":\"https:\/\/unrealroomescape.es\/mataro\/preguntas-frecuentes-escape-room\/#breadcrumb\"},\"inLanguage\":\"es\",\"potentialAction\":[{\"@type\":\"ReadAction\",\"target\":[\"https:\/\/unrealroomescape.es\/mataro\/preguntas-frecuentes-escape-room\/\"]}]},{\"@type\":\"BreadcrumbList\",\"@id\":\"https:\/\/unrealroomescape.es\/mataro\/preguntas-frecuentes-escape-room\/#breadcrumb\",\"itemListElement\":[{\"@type\":\"ListItem\",\"position\":1,\"name\":\"Portada\",\"item\":\"https:\/\/unrealroomescape.es\/mataro\/\"},{\"@type\":\"ListItem\",\"position\":2,\"name\":\"FAQ&#8217;s\"}]},{\"@type\":\"WebSite\",\"@id\":\"https:\/\/unrealroomescape.es\/mataro\/#website\",\"url\":\"https:\/\/unrealroomescape.es\/mataro\/\",\"name\":\"UNREAL ROOM ESCAPE MATAR\u00d3\",\"description\":\"UNREAL ROOM ESCAPE MATAR\u00d3\",\"potentialAction\":[{\"@type\":\"SearchAction\",\"target\":{\"@type\":\"EntryPoint\",\"urlTemplate\":\"https:\/\/unrealroomescape.es\/mataro\/?s={search_term_string}\"},\"query-input\":\"required name=search_term_string\"}],\"inLanguage\":\"es\"}]}<\/script>\n<!-- \/ Yoast SEO plugin. -->","yoast_head_json":{"title":"FAQ's - UNREAL ROOM ESCAPE MATAR\u00d3","robots":{"index":"index","follow":"follow","max-snippet":"max-snippet:-1","max-image-preview":"max-image-preview:large","max-video-preview":"max-video-preview:-1"},"canonical":"https:\/\/unrealroomescape.es\/mataro\/preguntas-frecuentes-escape-room\/","og_locale":"es_ES","og_type":"article","og_title":"FAQ's - UNREAL ROOM ESCAPE MATAR\u00d3","og_description":"[vc_row full_width=\u00bbstretch_row\u00bb to_section_layout=\u00bbfull-width\u00bb to_para_bg=\u00bbimage\u00bb css=\u00bb.vc_custom_1714730723323{padding-bottom: 80px !important;background-image: url(http:\/\/localhost\/CREZCO\/motor-reserves8\/wp-content\/uploads\/2024\/05\/fondo-web.jpg?id=657) !important;background-position: 0 0 !important;background-repeat: repeat !important;}\u00bb el_id=\u00bbpagina-faq\u00bb to_para_img=\u00bbhttps:\/\/unrealroomescape.es\/hospitalet\/wp-content\/uploads\/2019\/10\/fondo-web.jpg\u00bb][vc_column][vc_row_inner css=\u00bb.vc_custom_1714728120457{padding-bottom: 80px !important;}\u00bb][vc_column_inner][\/vc_column_inner][\/vc_row_inner][vc_row_inner css=\u00bb.vc_custom_1490895119909{padding-bottom:.","og_url":"https:\/\/unrealroomescape.es\/mataro\/preguntas-frecuentes-escape-room\/","og_site_name":"UNREAL ROOM ESCAPE MATAR\u00d3","article_modified_time":"2024-10-31T14:55:48+00:00","twitter_card":"summary_large_image","twitter_misc":{"Tiempo de lectura":"4 minutos"},"schema":{"@context":"https:\/\/schema.org","@graph":[{"@type":"WebPage","@id":"https:\/\/unrealroomescape.es\/mataro\/preguntas-frecuentes-escape-room\/","url":"https:\/\/unrealroomescape.es\/mataro\/preguntas-frecuentes-escape-room\/","name":"FAQ's - UNREAL ROOM ESCAPE MATAR\u00d3","isPartOf":{"@id":"https:\/\/unrealroomescape.es\/mataro\/#website"},"datePublished":"2021-11-13T11:05:05+00:00","dateModified":"2024-10-31T14:55:48+00:00","breadcrumb":{"@id":"https:\/\/unrealroomescape.es\/mataro\/preguntas-frecuentes-escape-room\/#breadcrumb"},"inLanguage":"es","potentialAction":[{"@type":"ReadAction","target":["https:\/\/unrealroomescape.es\/mataro\/preguntas-frecuentes-escape-room\/"]}]},{"@type":"BreadcrumbList","@id":"https:\/\/unrealroomescape.es\/mataro\/preguntas-frecuentes-escape-room\/#breadcrumb","itemListElement":[{"@type":"ListItem","position":1,"name":"Portada","item":"https:\/\/unrealroomescape.es\/mataro\/"},{"@type":"ListItem","position":2,"name":"FAQ&#8217;s"}]},{"@type":"WebSite","@id":"https:\/\/unrealroomescape.es\/mataro\/#website","url":"https:\/\/unrealroomescape.es\/mataro\/","name":"UNREAL ROOM ESCAPE MATAR\u00d3","description":"UNREAL ROOM ESCAPE MATAR\u00d3","potentialAction":[{"@type":"SearchAction","target":{"@type":"EntryPoint","urlTemplate":"https:\/\/unrealroomescape.es\/mataro\/?s={search_term_string}"},"query-input":"required name=search_term_string"}],"inLanguage":"es"}]}},"_links":{"self":[{"href":"https:\/\/unrealroomescape.es\/mataro\/wp-json\/wp\/v2\/pages\/344"}],"collection":[{"href":"https:\/\/unrealroomescape.es\/mataro\/wp-json\/wp\/v2\/pages"}],"about":[{"href":"https:\/\/unrealroomescape.es\/mataro\/wp-json\/wp\/v2\/types\/page"}],"author":[{"embeddable":true,"href":"https:\/\/unrealroomescape.es\/mataro\/wp-json\/wp\/v2\/users\/1"}],"replies":[{"embeddable":true,"href":"https:\/\/unrealroomescape.es\/mataro\/wp-json\/wp\/v2\/comments?post=344"}],"version-history":[{"count":35,"href":"https:\/\/unrealroomescape.es\/mataro\/wp-json\/wp\/v2\/pages\/344\/revisions"}],"predecessor-version":[{"id":1045,"href":"https:\/\/unrealroomescape.es\/mataro\/wp-json\/wp\/v2\/pages\/344\/revisions\/1045"}],"wp:attachment":[{"href":"https:\/\/unrealroomescape.es\/mataro\/wp-json\/wp\/v2\/media?parent=344"}],"curies":[{"name":"wp","href":"https:\/\/api.w.org\/{rel}","templated":true}]}}