{"id":14,"date":"2019-05-24T04:31:40","date_gmt":"2019-05-24T04:31:40","guid":{"rendered":"http:\/\/templatebundle.net\/wp\/moto\/netw2\/garden-care\/?page_id=14"},"modified":"2024-11-19T13:04:30","modified_gmt":"2024-11-19T11:04:30","slug":"room-escape","status":"publish","type":"page","link":"https:\/\/unrealroomescape.es\/mataro\/room-escape\/","title":{"rendered":"\u00bfQu\u00e9 es un room escape?"},"content":{"rendered":"<p>[vc_row el_id=\u00bbtop-slider\u00bb][vc_column][vc_column_text]<\/p>\n<h1 style=\"text-align: center;\">\u00bfQU\u00c9 ES UN ROOM ESCAPE?<\/h1>\n<p>[\/vc_column_text][vc_separator color=\u00bbcustom\u00bb el_width=\u00bb50&#8243; accent_color=\u00bb#00ff00&#8243;][\/vc_column][\/vc_row][vc_row][vc_column width=\u00bb1\/2&#8243;][vc_column_text]<\/p>\n<p style=\"text-align: left;\">Un <a href=\"http:\/\/unrealroomescape.es\/\">Room Escape<\/a> o juego de escape es una actividad de ocio que se realiza en grupo y consiste en escapar de una sala resolviendo enigmas, puzzles con la ayuda de pistas.<\/p>\n<p style=\"text-align: left;\">Cada <strong>escape room<\/strong> est\u00e1 caracterizado de una forma espec\u00edfica y acondicionado para poder realizar la actividad en unos 60 y 90 minutos de tiempo generalmente.<\/p>\n<p style=\"text-align: left;\">El juego lo controla un <strong>Game Master<\/strong> que supervisa que se desarrolle el juego con normalidad.<\/p>\n<p style=\"text-align: left;\">Este tipo de actividad de ocio pone a prueba todas las capacidades mentales de sus jugadores, as\u00ed como por ejemplo:<\/p>\n<ul>\n<li style=\"text-align: left;\">Agilidad mental<\/li>\n<li style=\"text-align: left;\">Trabajo en equipo<\/li>\n<li style=\"text-align: left;\">Liderazgo<\/li>\n<li style=\"text-align: left;\">Comunicaci\u00f3n<\/li>\n<li style=\"text-align: left;\">Deducci\u00f3n<\/li>\n<li style=\"text-align: left;\">Capacidad resolutiva<\/li>\n<\/ul>\n<p>[\/vc_column_text][\/vc_column][vc_column width=\u00bb1\/2&#8243; txt_column_align=\u00bbtxt-center\u00bb delay=\u00bb0ms\u00bb][vc_single_image image=\u00bb821&#8243; img_size=\u00bbfull\u00bb alignment=\u00bbcenter\u00bb css=\u00bb.vc_custom_1715764172253{padding-top: 100px !important;padding-right: 50px !important;padding-bottom: 50px !important;padding-left: 100px !important;}\u00bb][\/vc_column][\/vc_row][vc_row][vc_column width=\u00bb1\/6&#8243;][\/vc_column][vc_column width=\u00bb2\/3&#8243;][vc_separator color=\u00bbcustom\u00bb style=\u00bbdashed\u00bb el_width=\u00bb80&#8243; accent_color=\u00bb#00ff00&#8243;][vc_column_text]<\/p>\n<h2 style=\"text-align: center;\">\u00bfC\u00d3MO FUNCIONA EL ESCAPE ROOM?<\/h2>\n<p>&nbsp;<\/p>\n<p style=\"text-align: left;\">Los <strong>juegos de escape<\/strong> est\u00e1n\u00a0pensados para realizarse en parejas o grupos, se pueden hacer con amigos, con la familia, con compa\u00f1eros del trabajo, etc. El objetivo fundamental es pasar un rato agradable y divertido junto con los tuyos para poder completar el juego y salir de la habitaci\u00f3n.<\/p>\n<p>[\/vc_column_text][vc_column_text]La actividad empieza escuchando las normas del juego, para a continuaci\u00f3n entrar en la habitaci\u00f3n que ser\u00e1 cerrada con llave. Vuestro objetivo es conseguir escapar de dicha habitaci\u00f3n averiguando as\u00ed todos los enigmas y rompecabezas que se esconden tras las cuadro paredes.[\/vc_column_text][vc_column_text]En\u00a0<strong>Unreal Room Escape\u00a0<\/strong> podr\u00e9is jugar en distintas modalidades, en funci\u00f3n de los jugadores que se\u00e1is:<\/p>\n<ul>\n<li style=\"text-align: left;\">En pareja<\/li>\n<li style=\"text-align: left;\">Con la familia y amigos.<\/li>\n<li style=\"text-align: left;\">Despedidas y\u00a0cumplea\u00f1os<\/li>\n<li style=\"text-align: left;\">Empresas y grupos<\/li>\n<\/ul>\n<p>[\/vc_column_text][vc_separator color=\u00bbcustom\u00bb style=\u00bbdashed\u00bb el_width=\u00bb80&#8243; accent_color=\u00bb#00ff00&#8243;][\/vc_column][vc_column width=\u00bb1\/6&#8243;][\/vc_column][\/vc_row][vc_row full_width=\u00bbstretch_row\u00bb to_para_bg=\u00bbimage\u00bb to_para_img=\u00bbhttps:\/\/unrealroomescape.es\/hospitalet\/wp-content\/uploads\/2017\/05\/horror-background-1.jpg\u00bb css=\u00bb.vc_custom_1732014262111{background-image: url(https:\/\/unrealroomescape.es\/sants\/wp-content\/uploads\/2024\/11\/horror-background-1.jpg?id=1076) !important;}\u00bb][vc_column width=\u00bb1\/6&#8243;][\/vc_column][vc_column width=\u00bb2\/3&#8243;][vc_column_text]<\/p>\n<h3 style=\"text-align: center;\">CARACTER\u00cdSTICAS PRINCIPALES DE LOS ROOM ESCAPE<\/h3>\n<p>&nbsp;<\/p>\n<p style=\"text-align: left;\">Los\u00a0<em>Room Escape<\/em>\u00a0tienen unas caracter\u00edsticas que son indispensables para la correcta realizaci\u00f3n del juego, a continuaci\u00f3n os las contamos.<\/p>\n<p>[\/vc_column_text][\/vc_column][vc_column width=\u00bb1\/6&#8243;][\/vc_column][vc_column][vc_row_inner][vc_column_inner width=\u00bb1\/4&#8243;][vc_column_text]<\/p>\n<h4 style=\"text-align: center;\">SALA DE\u00a0JUEGO<\/h4>\n<p>El\u00a0<strong>juego de escape<\/strong> se lleva se desarrolla\u00a0dentro de una sala cerrada, o un conjunto de salas, dentro de un mismo local o recinto amplio.<\/p>\n<p>Las habitaciones son especificas para este tipo de juegos y est\u00e1n perfectamente acondicionadas para la realizaci\u00f3n de la actividad.[\/vc_column_text][\/vc_column_inner][vc_column_inner width=\u00bb1\/4&#8243;][vc_column_text]<\/p>\n<h4 style=\"text-align: center;\">GAME MASTER<\/h4>\n<p>Siempre se encuentra dentro de la sala y es el <strong>encargado de controlar y supervisar<\/strong> que la actividad de escape se realic\u00e9 sin ning\u00fan problema.<\/p>\n<p>Adem\u00e1s tambi\u00e9n recordar\u00e1 la normativa del juego y ofrecer\u00e1 pistas extras a los jugadores para que as\u00ed pueden completar la actividad.[\/vc_column_text][\/vc_column_inner][vc_column_inner width=\u00bb1\/4&#8243;][vc_column_text]<\/p>\n<h4 style=\"text-align: center;\">JUGADORES Y TIEMPO<\/h4>\n<p>La realizaci\u00f3n de un <span style=\"text-decoration: underline;\">juego de escape room<\/span>\u00a0es en parejas o grupos para que gracias al trabajo en equipo pod\u00e1is\u00a0escapar de la sala y sea m\u00e1s divertido.<\/p>\n<p>Habitualmente las partidas suelen ser de <strong>2 a 6 jugadores<\/strong> mayores de 12 a\u00f1os. Los juegos est\u00e1n pensados para que se puedan realizar en periodos de entre <strong>60 y 90 minutos.<\/strong>[\/vc_column_text][\/vc_column_inner][vc_column_inner width=\u00bb1\/4&#8243;][vc_column_text]<\/p>\n<h4 style=\"text-align: center;\">PUZZLES Y ENIGMAS<\/h4>\n<p>Los\u00a0<strong>juegos de escapismo<\/strong> consisten en\u00a0salir de la habitaci\u00f3n superando todos las pruebas\u00a0que\u00a0hay en la sala.<\/p>\n<p>Es por esto que\u00a0cada juego dispone de enigmas, pruebas, acertijos\u00a0y puzzles\u00a0que una vez completados os permitir\u00e1n salir de la sala.[\/vc_column_text][\/vc_column_inner][\/vc_row_inner][\/vc_column][\/vc_row]<\/p>\n","protected":false},"excerpt":{"rendered":"<p>[vc_row el_id=\u00bbtop-slider\u00bb][vc_column][vc_column_text] \u00bfQU\u00c9 ES UN ROOM ESCAPE? [\/vc_column_text][vc_separator color=\u00bbcustom\u00bb el_width=\u00bb50&#8243; accent_color=\u00bb#00ff00&#8243;][\/vc_column][\/vc_row][vc_row][vc_column width=\u00bb1\/2&#8243;][vc_column_text] Un Room Escape o juego de escape es.<\/p>\n","protected":false},"author":1,"featured_media":0,"parent":0,"menu_order":0,"comment_status":"closed","ping_status":"closed","template":"","meta":{"footnotes":""},"class_list":["post-14","page","type-page","status-publish","hentry"],"yoast_head":"<!-- This site is optimized with the Yoast SEO plugin v22.7 - https:\/\/yoast.com\/wordpress\/plugins\/seo\/ -->\n<title>\u00bfQu\u00e9 es un room escape? - UNREAL ROOM ESCAPE MATAR\u00d3<\/title>\n<meta name=\"robots\" content=\"index, follow, max-snippet:-1, max-image-preview:large, max-video-preview:-1\" \/>\n<link rel=\"canonical\" href=\"https:\/\/unrealroomescape.es\/mataro\/room-escape\/\" \/>\n<meta property=\"og:locale\" content=\"es_ES\" \/>\n<meta property=\"og:type\" content=\"article\" \/>\n<meta property=\"og:title\" content=\"\u00bfQu\u00e9 es un room escape? - UNREAL ROOM ESCAPE MATAR\u00d3\" \/>\n<meta property=\"og:description\" content=\"[vc_row el_id=\u00bbtop-slider\u00bb][vc_column][vc_column_text] \u00bfQU\u00c9 ES UN ROOM ESCAPE? [\/vc_column_text][vc_separator color=\u00bbcustom\u00bb el_width=\u00bb50&#8243; accent_color=\u00bb#00ff00&#8243;][\/vc_column][\/vc_row][vc_row][vc_column width=\u00bb1\/2&#8243;][vc_column_text] Un Room Escape o juego de escape es.\" \/>\n<meta property=\"og:url\" content=\"https:\/\/unrealroomescape.es\/mataro\/room-escape\/\" \/>\n<meta property=\"og:site_name\" content=\"UNREAL ROOM ESCAPE MATAR\u00d3\" \/>\n<meta property=\"article:modified_time\" content=\"2024-11-19T11:04:30+00:00\" \/>\n<meta name=\"twitter:card\" content=\"summary_large_image\" \/>\n<meta name=\"twitter:label1\" content=\"Tiempo de lectura\" \/>\n\t<meta name=\"twitter:data1\" content=\"3 minutos\" \/>\n<script type=\"application\/ld+json\" class=\"yoast-schema-graph\">{\"@context\":\"https:\/\/schema.org\",\"@graph\":[{\"@type\":\"WebPage\",\"@id\":\"https:\/\/unrealroomescape.es\/mataro\/room-escape\/\",\"url\":\"https:\/\/unrealroomescape.es\/mataro\/room-escape\/\",\"name\":\"\u00bfQu\u00e9 es un room escape? - UNREAL ROOM ESCAPE MATAR\u00d3\",\"isPartOf\":{\"@id\":\"https:\/\/unrealroomescape.es\/mataro\/#website\"},\"datePublished\":\"2019-05-24T04:31:40+00:00\",\"dateModified\":\"2024-11-19T11:04:30+00:00\",\"breadcrumb\":{\"@id\":\"https:\/\/unrealroomescape.es\/mataro\/room-escape\/#breadcrumb\"},\"inLanguage\":\"es\",\"potentialAction\":[{\"@type\":\"ReadAction\",\"target\":[\"https:\/\/unrealroomescape.es\/mataro\/room-escape\/\"]}]},{\"@type\":\"BreadcrumbList\",\"@id\":\"https:\/\/unrealroomescape.es\/mataro\/room-escape\/#breadcrumb\",\"itemListElement\":[{\"@type\":\"ListItem\",\"position\":1,\"name\":\"Portada\",\"item\":\"https:\/\/unrealroomescape.es\/mataro\/\"},{\"@type\":\"ListItem\",\"position\":2,\"name\":\"\u00bfQu\u00e9 es un room escape?\"}]},{\"@type\":\"WebSite\",\"@id\":\"https:\/\/unrealroomescape.es\/mataro\/#website\",\"url\":\"https:\/\/unrealroomescape.es\/mataro\/\",\"name\":\"UNREAL ROOM ESCAPE MATAR\u00d3\",\"description\":\"UNREAL ROOM ESCAPE MATAR\u00d3\",\"potentialAction\":[{\"@type\":\"SearchAction\",\"target\":{\"@type\":\"EntryPoint\",\"urlTemplate\":\"https:\/\/unrealroomescape.es\/mataro\/?s={search_term_string}\"},\"query-input\":\"required name=search_term_string\"}],\"inLanguage\":\"es\"}]}<\/script>\n<!-- \/ Yoast SEO plugin. -->","yoast_head_json":{"title":"\u00bfQu\u00e9 es un room escape? - UNREAL ROOM ESCAPE MATAR\u00d3","robots":{"index":"index","follow":"follow","max-snippet":"max-snippet:-1","max-image-preview":"max-image-preview:large","max-video-preview":"max-video-preview:-1"},"canonical":"https:\/\/unrealroomescape.es\/mataro\/room-escape\/","og_locale":"es_ES","og_type":"article","og_title":"\u00bfQu\u00e9 es un room escape? - UNREAL ROOM ESCAPE MATAR\u00d3","og_description":"[vc_row el_id=\u00bbtop-slider\u00bb][vc_column][vc_column_text] \u00bfQU\u00c9 ES UN ROOM ESCAPE? [\/vc_column_text][vc_separator color=\u00bbcustom\u00bb el_width=\u00bb50&#8243; accent_color=\u00bb#00ff00&#8243;][\/vc_column][\/vc_row][vc_row][vc_column width=\u00bb1\/2&#8243;][vc_column_text] Un Room Escape o juego de escape es.","og_url":"https:\/\/unrealroomescape.es\/mataro\/room-escape\/","og_site_name":"UNREAL ROOM ESCAPE MATAR\u00d3","article_modified_time":"2024-11-19T11:04:30+00:00","twitter_card":"summary_large_image","twitter_misc":{"Tiempo de lectura":"3 minutos"},"schema":{"@context":"https:\/\/schema.org","@graph":[{"@type":"WebPage","@id":"https:\/\/unrealroomescape.es\/mataro\/room-escape\/","url":"https:\/\/unrealroomescape.es\/mataro\/room-escape\/","name":"\u00bfQu\u00e9 es un room escape? - UNREAL ROOM ESCAPE MATAR\u00d3","isPartOf":{"@id":"https:\/\/unrealroomescape.es\/mataro\/#website"},"datePublished":"2019-05-24T04:31:40+00:00","dateModified":"2024-11-19T11:04:30+00:00","breadcrumb":{"@id":"https:\/\/unrealroomescape.es\/mataro\/room-escape\/#breadcrumb"},"inLanguage":"es","potentialAction":[{"@type":"ReadAction","target":["https:\/\/unrealroomescape.es\/mataro\/room-escape\/"]}]},{"@type":"BreadcrumbList","@id":"https:\/\/unrealroomescape.es\/mataro\/room-escape\/#breadcrumb","itemListElement":[{"@type":"ListItem","position":1,"name":"Portada","item":"https:\/\/unrealroomescape.es\/mataro\/"},{"@type":"ListItem","position":2,"name":"\u00bfQu\u00e9 es un room escape?"}]},{"@type":"WebSite","@id":"https:\/\/unrealroomescape.es\/mataro\/#website","url":"https:\/\/unrealroomescape.es\/mataro\/","name":"UNREAL ROOM ESCAPE MATAR\u00d3","description":"UNREAL ROOM ESCAPE MATAR\u00d3","potentialAction":[{"@type":"SearchAction","target":{"@type":"EntryPoint","urlTemplate":"https:\/\/unrealroomescape.es\/mataro\/?s={search_term_string}"},"query-input":"required name=search_term_string"}],"inLanguage":"es"}]}},"_links":{"self":[{"href":"https:\/\/unrealroomescape.es\/mataro\/wp-json\/wp\/v2\/pages\/14"}],"collection":[{"href":"https:\/\/unrealroomescape.es\/mataro\/wp-json\/wp\/v2\/pages"}],"about":[{"href":"https:\/\/unrealroomescape.es\/mataro\/wp-json\/wp\/v2\/types\/page"}],"author":[{"embeddable":true,"href":"https:\/\/unrealroomescape.es\/mataro\/wp-json\/wp\/v2\/users\/1"}],"replies":[{"embeddable":true,"href":"https:\/\/unrealroomescape.es\/mataro\/wp-json\/wp\/v2\/comments?post=14"}],"version-history":[{"count":17,"href":"https:\/\/unrealroomescape.es\/mataro\/wp-json\/wp\/v2\/pages\/14\/revisions"}],"predecessor-version":[{"id":601,"href":"https:\/\/unrealroomescape.es\/mataro\/wp-json\/wp\/v2\/pages\/14\/revisions\/601"}],"wp:attachment":[{"href":"https:\/\/unrealroomescape.es\/mataro\/wp-json\/wp\/v2\/media?parent=14"}],"curies":[{"name":"wp","href":"https:\/\/api.w.org\/{rel}","templated":true}]}}