{"id":399,"date":"2019-05-24T04:30:58","date_gmt":"2019-05-24T04:30:58","guid":{"rendered":"http:\/\/templatebundle.net\/wp\/moto\/netw2\/garden-care\/?page_id=8"},"modified":"2024-11-18T11:40:28","modified_gmt":"2024-11-18T09:40:28","slug":"room-escape-empresas","status":"publish","type":"page","link":"https:\/\/unrealroomescape.es\/horta\/room-escape-empresas\/","title":{"rendered":"Escape para empresas"},"content":{"rendered":"<p>[vc_row full_width=\u00bbstretch_row\u00bb to_para_bg=\u00bbimage\u00bb to_para_img=\u00bbhttps:\/\/unrealroomescape.es\/hospitalet\/wp-content\/uploads\/2014\/06\/escape-room.jpg\u00bb css=\u00bb.vc_custom_1731922822666{background-image: url(https:\/\/unrealroomescape.es\/horta\/wp-content\/uploads\/2024\/05\/fons-titol.jpg?id=837) !important;}\u00bb el_id=\u00bbtop-slider\u00bb][vc_column][vc_column_text]<\/p>\n<h1 style=\"text-align: center;\">Escape para Empresas<\/h1>\n<p>[\/vc_column_text][\/vc_column][\/vc_row][vc_row][vc_column][vc_column_text]Si buscas\u00a0una forma divertida y original para mejorar en team bulding, los <strong>room escape para empresas\u00a0<\/strong>son la mejor opci\u00f3n. En\u00a0<strong>Unreal Room Escape<\/strong>\u00a0retamos a los trabajadores a\u00a0poner a prueba todas las habilidades necesarias buscando la colaboraci\u00f3n del grupo como\u00a0\u00fanico objetivo, poder salir\u00a0de la sala de escape gracias al trabajo en equipo es el fundamento del juego.<\/p>\n<p style=\"text-align: center;\">\u00a1No hay\u00a0mejor forma de crear buen rollo entre tus empleados!<\/p>\n<p>[\/vc_column_text][vc_single_image image=\u00bb857&#8243; img_size=\u00bbfull\u00bb alignment=\u00bbcenter\u00bb][\/vc_column][\/vc_row][vc_row][vc_column][vc_column_text]<\/p>\n<h2 style=\"text-align: center;\">Room Escape\u00a0para empresas\u00a0en Barcelona (Horta)<\/h2>\n<p>Los profesionales del sector psicol\u00f3gico y empresarial admiten que \u00a0hacer tareas grupales con fines l\u00fadicos fuera del horario laboral fomenta el compa\u00f1erismo y el buen rollo dentro del equipo de trabajo, esto acaba traduci\u00e9ndose en un mayor rendimiento en el trabajo. Es por esto que realizar\u00a0actividades como el\u00a0<a href=\"http:\/\/unrealroomescape.es\">room escape en Barcelona<\/a>, son realmente recomendables\u00a0para todas las empresas y grupos deportivos.<\/p>\n<p>En\u00a0<em>Unreal Room Escape,\u00a0<\/em>adem\u00e1s de fomentar el trabajo en equipo pretendemos crear un buen ambiente en el grupo de trabajo, no hay mejor forma para conocer a todos los integrantes de tu empresa que disfrutando de una\u00a0<strong>sala de escape.<\/strong><\/p>\n<p>Los <a href=\"https:\/\/unrealroomescape.es\/hospitalet\/room-escape\/\">escape room<\/a>\u00a0requieren que los jugadores se empleen a fondo en cuanto a habilidades cognitivas y comunicativas creando\u00a0una mayor confianza entre ellos. Los grupos est\u00e1n formados por un\u00a0m\u00e1ximo de 6 integrantes,\u00a0y con un m\u00ednimo de\u00a02.[\/vc_column_text][\/vc_column][\/vc_row][vc_row][vc_column width=\u00bb1\/2&#8243;][vc_column_text]<\/p>\n<h3>\u00bfSer\u00e1 vuestro grupo capaz\u00a0de conseguir escapar de la sala a tiempo?<\/h3>\n<p>Salir de la habitaci\u00f3n no es f\u00e1cil, hay que desenvolverse realmente bien para poder resolver los enigmas y as\u00ed conseguir descifrar\u00a0el misterio que os proponemos.<\/p>\n<p>Si todo el equipo trabaja coordinadamente, compartiendo las pistas, ayud\u00e1ndose mutuamente para escapar de la sala, este cooperativismo podr\u00e1 ser llevado en el ambiente de trabajo y de este modo mejorarlo y obtener mejores resultados en las tareas laborales.<\/p>\n<p>Te invitamos a probar nuestro\u00a0<u>room escape para empresas<\/u>\u00a0para conseguir\u00a0una mayor cooperaci\u00f3n, comunicaci\u00f3n\u00a0y confianza de la forma m\u00e1s apasionante y divertida.<\/p>\n<p style=\"text-align: center;\">\u00bfVas a dejar pasar la oportunidad de potenciar el team building\u00a0en tu empresa?<\/p>\n<p>[\/vc_column_text][\/vc_column][vc_column width=\u00bb1\/2&#8243;][vc_single_image image=\u00bb858&#8243; img_size=\u00bbfull\u00bb alignment=\u00bbcenter\u00bb css=\u00bb.vc_custom_1730385216770{margin-top: 60px !important;}\u00bb][\/vc_column][\/vc_row][vc_row][vc_column el_id=\u00bbcentre-align\u00bb]<a href=https:\/\/unrealroomescape.es\/horta\/#reservas class=\"pixel_button  text-capitalize pixel_69d61277e91ec\" ><span>Reservar<\/span><\/a>[\/vc_column][\/vc_row]<\/p>\n","protected":false},"excerpt":{"rendered":"<p>[vc_row full_width=\u00bbstretch_row\u00bb to_para_bg=\u00bbimage\u00bb to_para_img=\u00bbhttps:\/\/unrealroomescape.es\/hospitalet\/wp-content\/uploads\/2014\/06\/escape-room.jpg\u00bb css=\u00bb.vc_custom_1731922822666{background-image: url(https:\/\/unrealroomescape.es\/horta\/wp-content\/uploads\/2024\/05\/fons-titol.jpg?id=837) !important;}\u00bb el_id=\u00bbtop-slider\u00bb][vc_column][vc_column_text] Escape para Empresas [\/vc_column_text][\/vc_column][\/vc_row][vc_row][vc_column][vc_column_text]Si buscas\u00a0una forma divertida y original para mejorar en.<\/p>\n","protected":false},"author":1,"featured_media":0,"parent":0,"menu_order":0,"comment_status":"closed","ping_status":"closed","template":"","meta":{"footnotes":""},"class_list":["post-399","page","type-page","status-publish","hentry"],"yoast_head":"<!-- This site is optimized with the Yoast SEO plugin v22.7 - https:\/\/yoast.com\/wordpress\/plugins\/seo\/ -->\n<title>Escape para empresas - UNREAL ROOM ESCAPE HORTA<\/title>\n<meta name=\"robots\" content=\"index, follow, max-snippet:-1, max-image-preview:large, max-video-preview:-1\" \/>\n<link rel=\"canonical\" href=\"https:\/\/unrealroomescape.es\/horta\/room-escape-empresas\/\" \/>\n<meta property=\"og:locale\" content=\"es_ES\" \/>\n<meta property=\"og:type\" content=\"article\" \/>\n<meta property=\"og:title\" content=\"Escape para empresas - UNREAL ROOM ESCAPE HORTA\" \/>\n<meta property=\"og:description\" content=\"[vc_row full_width=\u00bbstretch_row\u00bb to_para_bg=\u00bbimage\u00bb to_para_img=\u00bbhttps:\/\/unrealroomescape.es\/hospitalet\/wp-content\/uploads\/2014\/06\/escape-room.jpg\u00bb css=\u00bb.vc_custom_1731922822666{background-image: url(https:\/\/unrealroomescape.es\/horta\/wp-content\/uploads\/2024\/05\/fons-titol.jpg?id=837) !important;}\u00bb el_id=\u00bbtop-slider\u00bb][vc_column][vc_column_text] Escape para Empresas [\/vc_column_text][\/vc_column][\/vc_row][vc_row][vc_column][vc_column_text]Si buscas\u00a0una forma divertida y original para mejorar en.\" \/>\n<meta property=\"og:url\" content=\"https:\/\/unrealroomescape.es\/horta\/room-escape-empresas\/\" \/>\n<meta property=\"og:site_name\" content=\"UNREAL ROOM ESCAPE HORTA\" \/>\n<meta property=\"article:modified_time\" content=\"2024-11-18T09:40:28+00:00\" \/>\n<meta name=\"twitter:card\" content=\"summary_large_image\" \/>\n<meta name=\"twitter:label1\" content=\"Tiempo de lectura\" \/>\n\t<meta name=\"twitter:data1\" content=\"3 minutos\" \/>\n<script type=\"application\/ld+json\" class=\"yoast-schema-graph\">{\"@context\":\"https:\/\/schema.org\",\"@graph\":[{\"@type\":\"WebPage\",\"@id\":\"https:\/\/unrealroomescape.es\/horta\/room-escape-empresas\/\",\"url\":\"https:\/\/unrealroomescape.es\/horta\/room-escape-empresas\/\",\"name\":\"Escape para empresas - UNREAL ROOM ESCAPE HORTA\",\"isPartOf\":{\"@id\":\"https:\/\/unrealroomescape.es\/horta\/#website\"},\"datePublished\":\"2019-05-24T04:30:58+00:00\",\"dateModified\":\"2024-11-18T09:40:28+00:00\",\"breadcrumb\":{\"@id\":\"https:\/\/unrealroomescape.es\/horta\/room-escape-empresas\/#breadcrumb\"},\"inLanguage\":\"es\",\"potentialAction\":[{\"@type\":\"ReadAction\",\"target\":[\"https:\/\/unrealroomescape.es\/horta\/room-escape-empresas\/\"]}]},{\"@type\":\"BreadcrumbList\",\"@id\":\"https:\/\/unrealroomescape.es\/horta\/room-escape-empresas\/#breadcrumb\",\"itemListElement\":[{\"@type\":\"ListItem\",\"position\":1,\"name\":\"Portada\",\"item\":\"https:\/\/unrealroomescape.es\/horta\/\"},{\"@type\":\"ListItem\",\"position\":2,\"name\":\"Escape para empresas\"}]},{\"@type\":\"WebSite\",\"@id\":\"https:\/\/unrealroomescape.es\/horta\/#website\",\"url\":\"https:\/\/unrealroomescape.es\/horta\/\",\"name\":\"UNREAL ROOM ESCAPE HORTA\",\"description\":\"UNREAL ROOM ESCAPE HORTA\",\"potentialAction\":[{\"@type\":\"SearchAction\",\"target\":{\"@type\":\"EntryPoint\",\"urlTemplate\":\"https:\/\/unrealroomescape.es\/horta\/?s={search_term_string}\"},\"query-input\":\"required name=search_term_string\"}],\"inLanguage\":\"es\"}]}<\/script>\n<!-- \/ Yoast SEO plugin. -->","yoast_head_json":{"title":"Escape para empresas - UNREAL ROOM ESCAPE HORTA","robots":{"index":"index","follow":"follow","max-snippet":"max-snippet:-1","max-image-preview":"max-image-preview:large","max-video-preview":"max-video-preview:-1"},"canonical":"https:\/\/unrealroomescape.es\/horta\/room-escape-empresas\/","og_locale":"es_ES","og_type":"article","og_title":"Escape para empresas - UNREAL ROOM ESCAPE HORTA","og_description":"[vc_row full_width=\u00bbstretch_row\u00bb to_para_bg=\u00bbimage\u00bb to_para_img=\u00bbhttps:\/\/unrealroomescape.es\/hospitalet\/wp-content\/uploads\/2014\/06\/escape-room.jpg\u00bb css=\u00bb.vc_custom_1731922822666{background-image: url(https:\/\/unrealroomescape.es\/horta\/wp-content\/uploads\/2024\/05\/fons-titol.jpg?id=837) !important;}\u00bb el_id=\u00bbtop-slider\u00bb][vc_column][vc_column_text] Escape para Empresas [\/vc_column_text][\/vc_column][\/vc_row][vc_row][vc_column][vc_column_text]Si buscas\u00a0una forma divertida y original para mejorar en.","og_url":"https:\/\/unrealroomescape.es\/horta\/room-escape-empresas\/","og_site_name":"UNREAL ROOM ESCAPE HORTA","article_modified_time":"2024-11-18T09:40:28+00:00","twitter_card":"summary_large_image","twitter_misc":{"Tiempo de lectura":"3 minutos"},"schema":{"@context":"https:\/\/schema.org","@graph":[{"@type":"WebPage","@id":"https:\/\/unrealroomescape.es\/horta\/room-escape-empresas\/","url":"https:\/\/unrealroomescape.es\/horta\/room-escape-empresas\/","name":"Escape para empresas - UNREAL ROOM ESCAPE HORTA","isPartOf":{"@id":"https:\/\/unrealroomescape.es\/horta\/#website"},"datePublished":"2019-05-24T04:30:58+00:00","dateModified":"2024-11-18T09:40:28+00:00","breadcrumb":{"@id":"https:\/\/unrealroomescape.es\/horta\/room-escape-empresas\/#breadcrumb"},"inLanguage":"es","potentialAction":[{"@type":"ReadAction","target":["https:\/\/unrealroomescape.es\/horta\/room-escape-empresas\/"]}]},{"@type":"BreadcrumbList","@id":"https:\/\/unrealroomescape.es\/horta\/room-escape-empresas\/#breadcrumb","itemListElement":[{"@type":"ListItem","position":1,"name":"Portada","item":"https:\/\/unrealroomescape.es\/horta\/"},{"@type":"ListItem","position":2,"name":"Escape para empresas"}]},{"@type":"WebSite","@id":"https:\/\/unrealroomescape.es\/horta\/#website","url":"https:\/\/unrealroomescape.es\/horta\/","name":"UNREAL ROOM ESCAPE HORTA","description":"UNREAL ROOM ESCAPE HORTA","potentialAction":[{"@type":"SearchAction","target":{"@type":"EntryPoint","urlTemplate":"https:\/\/unrealroomescape.es\/horta\/?s={search_term_string}"},"query-input":"required name=search_term_string"}],"inLanguage":"es"}]}},"_links":{"self":[{"href":"https:\/\/unrealroomescape.es\/horta\/wp-json\/wp\/v2\/pages\/399"}],"collection":[{"href":"https:\/\/unrealroomescape.es\/horta\/wp-json\/wp\/v2\/pages"}],"about":[{"href":"https:\/\/unrealroomescape.es\/horta\/wp-json\/wp\/v2\/types\/page"}],"author":[{"embeddable":true,"href":"https:\/\/unrealroomescape.es\/horta\/wp-json\/wp\/v2\/users\/1"}],"replies":[{"embeddable":true,"href":"https:\/\/unrealroomescape.es\/horta\/wp-json\/wp\/v2\/comments?post=399"}],"version-history":[{"count":30,"href":"https:\/\/unrealroomescape.es\/horta\/wp-json\/wp\/v2\/pages\/399\/revisions"}],"predecessor-version":[{"id":1128,"href":"https:\/\/unrealroomescape.es\/horta\/wp-json\/wp\/v2\/pages\/399\/revisions\/1128"}],"wp:attachment":[{"href":"https:\/\/unrealroomescape.es\/horta\/wp-json\/wp\/v2\/media?parent=399"}],"curies":[{"name":"wp","href":"https:\/\/api.w.org\/{rel}","templated":true}]}}