{"id":335,"date":"2021-11-13T11:00:21","date_gmt":"2021-11-13T11:00:21","guid":{"rendered":"https:\/\/kamleshyadav.com\/templatemonster\/garden\/?page_id=335"},"modified":"2024-11-18T11:39:56","modified_gmt":"2024-11-18T09:39:56","slug":"room-escape-familias-amigos","status":"publish","type":"page","link":"https:\/\/unrealroomescape.es\/horta\/room-escape-familias-amigos\/","title":{"rendered":"Escape Familias y Amigos"},"content":{"rendered":"<p>[vc_row full_width=\u00bbstretch_row\u00bb to_para_bg=\u00bbimage\u00bb to_para_img=\u00bbhttps:\/\/unrealroomescape.es\/hospitalet\/wp-content\/uploads\/2014\/06\/escape-room.jpg\u00bb css=\u00bb.vc_custom_1731922790429{background-image: url(https:\/\/unrealroomescape.es\/horta\/wp-content\/uploads\/2024\/05\/fons-titol.jpg?id=837) !important;}\u00bb el_id=\u00bbtop-slider\u00bb][vc_column][vc_column_text]<\/p>\n<h1 style=\"text-align: center;\">Escape para Familias y Amigos<\/h1>\n<p>[\/vc_column_text][\/vc_column][\/vc_row][vc_row][vc_column][vc_column_text]Vivir una experiencia inolvidable con tu familia o amigos es algo inigualable, en <a href=\"http:\/\/unrealroomescape.es\/\">Unreal Room Escape<\/a>\u00a0encontrar\u00e9is un <strong>Room Escape\u00a0<\/strong>perfecto para grupos de familiares y amigos de hasta 7 personas al mismo tiempo. En el caso que se\u00e1is m\u00e1s, siempre podr\u00e9is dividiros en varios grupos para competir entre vosotros y hacer que todos participen, ya que as\u00ed se crea un mejor equilibrio en relaci\u00f3n a personas\/grupo para resolver el misterio y escapar de la sala.<\/p>\n<p style=\"text-align: center;\">\u00a1A qu\u00e9 esperas, <a href=\"http:\/\/unrealroomescape.es\/hospitalet\/#reservas\">reserva<\/a> ya tu experiencia de <em>escape room<\/em>!<\/p>\n<p>[\/vc_column_text][vc_single_image image=\u00bb851&#8243; img_size=\u00bbfull\u00bb alignment=\u00bbcenter\u00bb][\/vc_column][\/vc_row][vc_row][vc_column][vc_column_text]<\/p>\n<h2 style=\"text-align: center;\">Room Escape\u00a0para amigos y familiares en Barcelona (Horta)<\/h2>\n<p>Deber\u00e9is unir m\u00e1s que nunca vuestras fuerzas con vuestra familia o amigos para poder escapar de la sala. Deber\u00e9is emplear al m\u00e1ximo vuestra habilidad\u00a0y destreza, as\u00ed como una excelente comunicaci\u00f3n para poner en com\u00fan las diferentes pistas que encontr\u00e9is, las cuales os ayudar\u00e1n a resolver paso a paso cada uno de los misterios y pruebas que encontrar\u00e9is.<\/p>\n<p>Para desarrollar la actividad de la mejor manera posible, es necesaria una correcta organizaci\u00f3n y destreza, as\u00ed encontrar soluciones y avanzar en el camino ser\u00e1 menos complicado.[\/vc_column_text][\/vc_column][\/vc_row][vc_row][vc_column width=\u00bb1\/2&#8243;][vc_column_text]<\/p>\n<h3>\u00bfSer\u00e1 vuestro grupo capaz\u00a0de conseguir escapar de la sala a tiempo?<\/h3>\n<p>Queremos que tu experiencia sea la mejor posible, buscando que salg\u00e1is todos encantados a m\u00e1s no poder, por eso nos hemos esforzado en crear un\u00a0<strong>juego de escape<\/strong>\u00a0que pondr\u00e1 a prueba todos vuestros sentidos y fomentar\u00e1 la comunicaci\u00f3n del grupo. Este tipo de juego se realiza con la intenci\u00f3n de fomentar la cohesi\u00f3n de grupo y de ofrecer una alternativa para toda la familia y los amigos a las actividades de ocio actuales.<\/p>\n<p>La misi\u00f3n de los <strong>juegos\u00a0de escape<\/strong>\u00a0es crear un entretenimiento mediante el uso de la l\u00f3gica y el razonamiento, no hay mayor premio que resolver un misterio y completar la sala, es por eso que que vuestros sentidos deber\u00e1n estar al 100% en cada fase, para\u00a0disfrutar a tope\u00a0de la experiencia.<\/p>\n<p>Si no has probado nunca un\u00a0<a href=\"https:\/\/unrealroomescape.es\/hospitalet\/room-escape\/\">room escape,<\/a> o por el contrario eres un forofo\u00a0de los\u00a0<strong>juegos de escape en Barcelona<\/strong>, ven a\u00a0<em>Unreal Room Escape<\/em>, una actividad de ocio\u00a0que disfrutar\u00e1s al m\u00e1ximo de principio a fin.[\/vc_column_text][\/vc_column][vc_column width=\u00bb1\/2&#8243;][vc_single_image image=\u00bb1038&#8243; img_size=\u00bbfull\u00bb alignment=\u00bbcenter\u00bb css=\u00bb.vc_custom_1730384843243{margin-top: 60px !important;}\u00bb][\/vc_column][\/vc_row][vc_row][vc_column el_id=\u00bbcentre-align\u00bb]<a href=https:\/\/unrealroomescape.es\/horta\/#reservas class=\"pixel_button  text-capitalize pixel_69d274002177a\" ><span>Reservar<\/span><\/a>[\/vc_column][\/vc_row]<\/p>\n","protected":false},"excerpt":{"rendered":"<p>[vc_row full_width=\u00bbstretch_row\u00bb to_para_bg=\u00bbimage\u00bb to_para_img=\u00bbhttps:\/\/unrealroomescape.es\/hospitalet\/wp-content\/uploads\/2014\/06\/escape-room.jpg\u00bb css=\u00bb.vc_custom_1731922790429{background-image: url(https:\/\/unrealroomescape.es\/horta\/wp-content\/uploads\/2024\/05\/fons-titol.jpg?id=837) !important;}\u00bb el_id=\u00bbtop-slider\u00bb][vc_column][vc_column_text] Escape para Familias y Amigos [\/vc_column_text][\/vc_column][\/vc_row][vc_row][vc_column][vc_column_text]Vivir una experiencia inolvidable con tu familia.<\/p>\n","protected":false},"author":1,"featured_media":0,"parent":0,"menu_order":0,"comment_status":"closed","ping_status":"closed","template":"","meta":{"footnotes":""},"class_list":["post-335","page","type-page","status-publish","hentry"],"yoast_head":"<!-- This site is optimized with the Yoast SEO plugin v22.7 - https:\/\/yoast.com\/wordpress\/plugins\/seo\/ -->\n<title>Escape Familias y Amigos - UNREAL ROOM ESCAPE HORTA<\/title>\n<meta name=\"robots\" content=\"index, follow, max-snippet:-1, max-image-preview:large, max-video-preview:-1\" \/>\n<link rel=\"canonical\" href=\"https:\/\/unrealroomescape.es\/horta\/room-escape-familias-amigos\/\" \/>\n<meta property=\"og:locale\" content=\"es_ES\" \/>\n<meta property=\"og:type\" content=\"article\" \/>\n<meta property=\"og:title\" content=\"Escape Familias y Amigos - UNREAL ROOM ESCAPE HORTA\" \/>\n<meta property=\"og:description\" content=\"[vc_row full_width=\u00bbstretch_row\u00bb to_para_bg=\u00bbimage\u00bb to_para_img=\u00bbhttps:\/\/unrealroomescape.es\/hospitalet\/wp-content\/uploads\/2014\/06\/escape-room.jpg\u00bb css=\u00bb.vc_custom_1731922790429{background-image: url(https:\/\/unrealroomescape.es\/horta\/wp-content\/uploads\/2024\/05\/fons-titol.jpg?id=837) !important;}\u00bb el_id=\u00bbtop-slider\u00bb][vc_column][vc_column_text] Escape para Familias y Amigos [\/vc_column_text][\/vc_column][\/vc_row][vc_row][vc_column][vc_column_text]Vivir una experiencia inolvidable con tu familia.\" \/>\n<meta property=\"og:url\" content=\"https:\/\/unrealroomescape.es\/horta\/room-escape-familias-amigos\/\" \/>\n<meta property=\"og:site_name\" content=\"UNREAL ROOM ESCAPE HORTA\" \/>\n<meta property=\"article:modified_time\" content=\"2024-11-18T09:39:56+00:00\" \/>\n<meta name=\"twitter:card\" content=\"summary_large_image\" \/>\n<meta name=\"twitter:label1\" content=\"Tiempo de lectura\" \/>\n\t<meta name=\"twitter:data1\" content=\"3 minutos\" \/>\n<script type=\"application\/ld+json\" class=\"yoast-schema-graph\">{\"@context\":\"https:\/\/schema.org\",\"@graph\":[{\"@type\":\"WebPage\",\"@id\":\"https:\/\/unrealroomescape.es\/horta\/room-escape-familias-amigos\/\",\"url\":\"https:\/\/unrealroomescape.es\/horta\/room-escape-familias-amigos\/\",\"name\":\"Escape Familias y Amigos - UNREAL ROOM ESCAPE HORTA\",\"isPartOf\":{\"@id\":\"https:\/\/unrealroomescape.es\/horta\/#website\"},\"datePublished\":\"2021-11-13T11:00:21+00:00\",\"dateModified\":\"2024-11-18T09:39:56+00:00\",\"breadcrumb\":{\"@id\":\"https:\/\/unrealroomescape.es\/horta\/room-escape-familias-amigos\/#breadcrumb\"},\"inLanguage\":\"es\",\"potentialAction\":[{\"@type\":\"ReadAction\",\"target\":[\"https:\/\/unrealroomescape.es\/horta\/room-escape-familias-amigos\/\"]}]},{\"@type\":\"BreadcrumbList\",\"@id\":\"https:\/\/unrealroomescape.es\/horta\/room-escape-familias-amigos\/#breadcrumb\",\"itemListElement\":[{\"@type\":\"ListItem\",\"position\":1,\"name\":\"Portada\",\"item\":\"https:\/\/unrealroomescape.es\/horta\/\"},{\"@type\":\"ListItem\",\"position\":2,\"name\":\"Escape Familias y Amigos\"}]},{\"@type\":\"WebSite\",\"@id\":\"https:\/\/unrealroomescape.es\/horta\/#website\",\"url\":\"https:\/\/unrealroomescape.es\/horta\/\",\"name\":\"UNREAL ROOM ESCAPE HORTA\",\"description\":\"UNREAL ROOM ESCAPE HORTA\",\"potentialAction\":[{\"@type\":\"SearchAction\",\"target\":{\"@type\":\"EntryPoint\",\"urlTemplate\":\"https:\/\/unrealroomescape.es\/horta\/?s={search_term_string}\"},\"query-input\":\"required name=search_term_string\"}],\"inLanguage\":\"es\"}]}<\/script>\n<!-- \/ Yoast SEO plugin. -->","yoast_head_json":{"title":"Escape Familias y Amigos - UNREAL ROOM ESCAPE HORTA","robots":{"index":"index","follow":"follow","max-snippet":"max-snippet:-1","max-image-preview":"max-image-preview:large","max-video-preview":"max-video-preview:-1"},"canonical":"https:\/\/unrealroomescape.es\/horta\/room-escape-familias-amigos\/","og_locale":"es_ES","og_type":"article","og_title":"Escape Familias y Amigos - UNREAL ROOM ESCAPE HORTA","og_description":"[vc_row full_width=\u00bbstretch_row\u00bb to_para_bg=\u00bbimage\u00bb to_para_img=\u00bbhttps:\/\/unrealroomescape.es\/hospitalet\/wp-content\/uploads\/2014\/06\/escape-room.jpg\u00bb css=\u00bb.vc_custom_1731922790429{background-image: url(https:\/\/unrealroomescape.es\/horta\/wp-content\/uploads\/2024\/05\/fons-titol.jpg?id=837) !important;}\u00bb el_id=\u00bbtop-slider\u00bb][vc_column][vc_column_text] Escape para Familias y Amigos [\/vc_column_text][\/vc_column][\/vc_row][vc_row][vc_column][vc_column_text]Vivir una experiencia inolvidable con tu familia.","og_url":"https:\/\/unrealroomescape.es\/horta\/room-escape-familias-amigos\/","og_site_name":"UNREAL ROOM ESCAPE HORTA","article_modified_time":"2024-11-18T09:39:56+00:00","twitter_card":"summary_large_image","twitter_misc":{"Tiempo de lectura":"3 minutos"},"schema":{"@context":"https:\/\/schema.org","@graph":[{"@type":"WebPage","@id":"https:\/\/unrealroomescape.es\/horta\/room-escape-familias-amigos\/","url":"https:\/\/unrealroomescape.es\/horta\/room-escape-familias-amigos\/","name":"Escape Familias y Amigos - UNREAL ROOM ESCAPE HORTA","isPartOf":{"@id":"https:\/\/unrealroomescape.es\/horta\/#website"},"datePublished":"2021-11-13T11:00:21+00:00","dateModified":"2024-11-18T09:39:56+00:00","breadcrumb":{"@id":"https:\/\/unrealroomescape.es\/horta\/room-escape-familias-amigos\/#breadcrumb"},"inLanguage":"es","potentialAction":[{"@type":"ReadAction","target":["https:\/\/unrealroomescape.es\/horta\/room-escape-familias-amigos\/"]}]},{"@type":"BreadcrumbList","@id":"https:\/\/unrealroomescape.es\/horta\/room-escape-familias-amigos\/#breadcrumb","itemListElement":[{"@type":"ListItem","position":1,"name":"Portada","item":"https:\/\/unrealroomescape.es\/horta\/"},{"@type":"ListItem","position":2,"name":"Escape Familias y Amigos"}]},{"@type":"WebSite","@id":"https:\/\/unrealroomescape.es\/horta\/#website","url":"https:\/\/unrealroomescape.es\/horta\/","name":"UNREAL ROOM ESCAPE HORTA","description":"UNREAL ROOM ESCAPE HORTA","potentialAction":[{"@type":"SearchAction","target":{"@type":"EntryPoint","urlTemplate":"https:\/\/unrealroomescape.es\/horta\/?s={search_term_string}"},"query-input":"required name=search_term_string"}],"inLanguage":"es"}]}},"_links":{"self":[{"href":"https:\/\/unrealroomescape.es\/horta\/wp-json\/wp\/v2\/pages\/335"}],"collection":[{"href":"https:\/\/unrealroomescape.es\/horta\/wp-json\/wp\/v2\/pages"}],"about":[{"href":"https:\/\/unrealroomescape.es\/horta\/wp-json\/wp\/v2\/types\/page"}],"author":[{"embeddable":true,"href":"https:\/\/unrealroomescape.es\/horta\/wp-json\/wp\/v2\/users\/1"}],"replies":[{"embeddable":true,"href":"https:\/\/unrealroomescape.es\/horta\/wp-json\/wp\/v2\/comments?post=335"}],"version-history":[{"count":17,"href":"https:\/\/unrealroomescape.es\/horta\/wp-json\/wp\/v2\/pages\/335\/revisions"}],"predecessor-version":[{"id":1126,"href":"https:\/\/unrealroomescape.es\/horta\/wp-json\/wp\/v2\/pages\/335\/revisions\/1126"}],"wp:attachment":[{"href":"https:\/\/unrealroomescape.es\/horta\/wp-json\/wp\/v2\/media?parent=335"}],"curies":[{"name":"wp","href":"https:\/\/api.w.org\/{rel}","templated":true}]}}