{"id":2,"date":"2021-12-03T14:57:11","date_gmt":"2021-12-03T12:57:11","guid":{"rendered":"http:\/\/localhost\/CREZCO\/restauracio\/?page_id=2"},"modified":"2024-11-19T13:07:34","modified_gmt":"2024-11-19T11:07:34","slug":"room-escape-cumpleanos-despedidas","status":"publish","type":"page","link":"https:\/\/unrealroomescape.es\/gava\/room-escape-cumpleanos-despedidas\/","title":{"rendered":"Escape Cumplea\u00f1os y Despedidas"},"content":{"rendered":"<p>[vc_row full_width=\u00bbstretch_row\u00bb to_para_bg=\u00bbimage\u00bb to_para_img=\u00bbhttps:\/\/unrealroomescape.es\/hospitalet\/wp-content\/uploads\/2014\/06\/escape-room.jpg\u00bb css=\u00bb.vc_custom_1732014446126{background-image: url(https:\/\/unrealroomescape.es\/gava\/wp-content\/uploads\/2024\/05\/fons-titol.jpg?id=837) !important;}\u00bb el_id=\u00bbtop-slider\u00bb][vc_column][vc_column_text]<\/p>\n<h1 style=\"text-align: center;\">Escape para\u00a0Cumplea\u00f1os y Despedidas<\/h1>\n<p>[\/vc_column_text][\/vc_column][\/vc_row][vc_row][vc_column][vc_column_text]\u00bfSe acerca un cumplea\u00f1os o alguna ocasi\u00f3n especial y est\u00e1s cansado de regalar siempre lo mismo?<\/p>\n<p>Se original y regala un <a href=\"https:\/\/unrealroomescape.es\/gava\/bono-regalo\/\">bono regalo<\/a>\u00a0para\u00a0<strong><em>Unreal Room Escape Gava<\/em><\/strong><strong>,<\/strong>\u00a0una\u00a0<strong>sala de escape<\/strong>\u00a0que permitir\u00e1 vivir una experiencia \u00fanica\u00a0e inolvidable, algo muy emocionante que puedes regalar por un m\u00f3dico precio.[\/vc_column_text][vc_single_image image=\u00bb843&#8243; img_size=\u00bbfull\u00bb][\/vc_column][\/vc_row][vc_row][vc_column][vc_column_text]<\/p>\n<h2 style=\"text-align: center;\">Regalar Room Escape en Gava, Barcelona<\/h2>\n<p>Te proponemos una\u00a0aventura y un reto inigualable en nuestra\u00a0<strong>sala de escape<\/strong>, obviamente para difrutar tanto\u00a0chicas como chicos. No hay mejor regalo que\u00a0una\u00a0<strong>actividad de ocio<\/strong>\u00a0que sin duda es distinta a las dem\u00e1s y te har\u00e1 vivir unas sensaciones que otras actividades nunca conseguir\u00e1n. En\u00a0Unreal Room Escape\u00a0tenemos un\u00a0<strong>juego de escape para grupos de \u00a0entre 2 y 7 personas<\/strong>, aunque si sois m\u00e1s os pod\u00e9is dividir en grupos y competir entre vosotros para ver quien es el mejor.<\/p>\n<p>La limitaci\u00f3n de los integrantes del grupos es simplemente porque con m\u00e1s jugadores no se podr\u00eda exprimir la experiencia al 100%. Es fundamental que el grupo est\u00e9 unido y compenetrado, con la intenci\u00f3n de combinar las habilidades de todos los componentes, poniendo en com\u00fan todas las pista que encontr\u00e9is y finalmente pod\u00e1is salir de la sala.<\/p>\n<p>Es fundamental tener una estrategia y\u00a0una buena comunicaci\u00f3n, facilitando as\u00ed el hecho de encontrar soluciones para conseguir\u00a0salir de la sala.[\/vc_column_text][\/vc_column][\/vc_row][vc_row][vc_column width=\u00bb1\/2&#8243;][vc_single_image image=\u00bb844&#8243; img_size=\u00bbfull\u00bb alignment=\u00bbcenter\u00bb css=\u00bb.vc_custom_1730383942621{margin-top: 40px !important;}\u00bb][\/vc_column][vc_column width=\u00bb1\/2&#8243;][vc_column_text]<\/p>\n<h3>\u00bfSer\u00e9is\u00a0capaces de compenetraros como pareja y\u00a0conseguir escapar de la sala a tiempo?<\/h3>\n<p><strong>Unreal Room Escape<\/strong>\u00a0forma parte del sector de\u00a0<strong>actividades de ocio en Barcelona<\/strong>, \u00a0nuestro objetivo principal es que os lo pas\u00e9is bien y salg\u00e1is con ganas de m\u00e1s.<\/p>\n<p>Para salir de la habitaci\u00f3n se requiere una mezcla de capacidad de observaci\u00f3n y de relaci\u00f3n para resolver los enigmas gracias a la comunicaci\u00f3n entre los miembros del grupo pod\u00e1is salir de la sala dentro de el l\u00edmite establecido de 90 minutos.<\/p>\n<p>Si se acerca alg\u00fan cumplea\u00f1os o una\u00a0ocasi\u00f3n especial y no sabes que regalar, no lo dudes m\u00e1s y\u00a0<a href=\"https:\/\/unrealroomescape.es\/gava\/#contacto\">contacta con nosotros<\/a> para regalar esta\u00a0<strong>actividad de escape<\/strong>\u00a0con la que\u00a0estamos seguros que pasar\u00e9is un gran rato y tendr\u00e9is ganas de volver a hacer.<\/p>\n<p style=\"text-align: center;\">\u00a1S\u00e9 original y regala una experiencia de escape en\u00a0<strong>Unreal Room Escape Gava<\/strong>!<\/p>\n<p>[\/vc_column_text][\/vc_column][\/vc_row][vc_row][vc_column txt_column_align=\u00bbtxt-center\u00bb delay=\u00bb0ms\u00bb el_id=\u00bbcentre-align\u00bb]<a href=https:\/\/unrealroomescape.es\/gava\/#reservas class=\"pixel_button  text-capitalize pixel_69d76ccb9a97f\" ><span>Reservar<\/span><\/a>[\/vc_column][\/vc_row]<\/p>\n","protected":false},"excerpt":{"rendered":"<p>[vc_row full_width=\u00bbstretch_row\u00bb to_para_bg=\u00bbimage\u00bb to_para_img=\u00bbhttps:\/\/unrealroomescape.es\/hospitalet\/wp-content\/uploads\/2014\/06\/escape-room.jpg\u00bb css=\u00bb.vc_custom_1732014446126{background-image: url(https:\/\/unrealroomescape.es\/gava\/wp-content\/uploads\/2024\/05\/fons-titol.jpg?id=837) !important;}\u00bb el_id=\u00bbtop-slider\u00bb][vc_column][vc_column_text] Escape para\u00a0Cumplea\u00f1os y Despedidas [\/vc_column_text][\/vc_column][\/vc_row][vc_row][vc_column][vc_column_text]\u00bfSe acerca un cumplea\u00f1os o alguna ocasi\u00f3n especial.<\/p>\n","protected":false},"author":1,"featured_media":0,"parent":0,"menu_order":0,"comment_status":"closed","ping_status":"open","template":"","meta":{"footnotes":""},"class_list":["post-2","page","type-page","status-publish","hentry"],"yoast_head":"<!-- This site is optimized with the Yoast SEO plugin v22.7 - https:\/\/yoast.com\/wordpress\/plugins\/seo\/ -->\n<title>Escape Cumplea\u00f1os y Despedidas - UNREAL ROOM ESCAPE GAVA<\/title>\n<meta name=\"robots\" content=\"index, follow, max-snippet:-1, max-image-preview:large, max-video-preview:-1\" \/>\n<link rel=\"canonical\" href=\"https:\/\/unrealroomescape.es\/gava\/room-escape-cumpleanos-despedidas\/\" \/>\n<meta property=\"og:locale\" content=\"es_ES\" \/>\n<meta property=\"og:type\" content=\"article\" \/>\n<meta property=\"og:title\" content=\"Escape Cumplea\u00f1os y Despedidas - UNREAL ROOM ESCAPE GAVA\" \/>\n<meta property=\"og:description\" content=\"[vc_row full_width=\u00bbstretch_row\u00bb to_para_bg=\u00bbimage\u00bb to_para_img=\u00bbhttps:\/\/unrealroomescape.es\/hospitalet\/wp-content\/uploads\/2014\/06\/escape-room.jpg\u00bb css=\u00bb.vc_custom_1732014446126{background-image: url(https:\/\/unrealroomescape.es\/gava\/wp-content\/uploads\/2024\/05\/fons-titol.jpg?id=837) !important;}\u00bb el_id=\u00bbtop-slider\u00bb][vc_column][vc_column_text] Escape para\u00a0Cumplea\u00f1os y Despedidas [\/vc_column_text][\/vc_column][\/vc_row][vc_row][vc_column][vc_column_text]\u00bfSe acerca un cumplea\u00f1os o alguna ocasi\u00f3n especial.\" \/>\n<meta property=\"og:url\" content=\"https:\/\/unrealroomescape.es\/gava\/room-escape-cumpleanos-despedidas\/\" \/>\n<meta property=\"og:site_name\" content=\"UNREAL ROOM ESCAPE GAVA\" \/>\n<meta property=\"article:modified_time\" content=\"2024-11-19T11:07:34+00:00\" \/>\n<meta name=\"twitter:card\" content=\"summary_large_image\" \/>\n<meta name=\"twitter:label1\" content=\"Tiempo de lectura\" \/>\n\t<meta name=\"twitter:data1\" content=\"3 minutos\" \/>\n<script type=\"application\/ld+json\" class=\"yoast-schema-graph\">{\"@context\":\"https:\/\/schema.org\",\"@graph\":[{\"@type\":\"WebPage\",\"@id\":\"https:\/\/unrealroomescape.es\/gava\/room-escape-cumpleanos-despedidas\/\",\"url\":\"https:\/\/unrealroomescape.es\/gava\/room-escape-cumpleanos-despedidas\/\",\"name\":\"Escape Cumplea\u00f1os y Despedidas - UNREAL ROOM ESCAPE GAVA\",\"isPartOf\":{\"@id\":\"https:\/\/unrealroomescape.es\/gava\/#website\"},\"datePublished\":\"2021-12-03T12:57:11+00:00\",\"dateModified\":\"2024-11-19T11:07:34+00:00\",\"breadcrumb\":{\"@id\":\"https:\/\/unrealroomescape.es\/gava\/room-escape-cumpleanos-despedidas\/#breadcrumb\"},\"inLanguage\":\"es\",\"potentialAction\":[{\"@type\":\"ReadAction\",\"target\":[\"https:\/\/unrealroomescape.es\/gava\/room-escape-cumpleanos-despedidas\/\"]}]},{\"@type\":\"BreadcrumbList\",\"@id\":\"https:\/\/unrealroomescape.es\/gava\/room-escape-cumpleanos-despedidas\/#breadcrumb\",\"itemListElement\":[{\"@type\":\"ListItem\",\"position\":1,\"name\":\"Portada\",\"item\":\"https:\/\/unrealroomescape.es\/gava\/\"},{\"@type\":\"ListItem\",\"position\":2,\"name\":\"Escape Cumplea\u00f1os y Despedidas\"}]},{\"@type\":\"WebSite\",\"@id\":\"https:\/\/unrealroomescape.es\/gava\/#website\",\"url\":\"https:\/\/unrealroomescape.es\/gava\/\",\"name\":\"UNREAL ROOM ESCAPE GAVA\",\"description\":\"UNREAL ROOM ESCAPE GAVA\",\"potentialAction\":[{\"@type\":\"SearchAction\",\"target\":{\"@type\":\"EntryPoint\",\"urlTemplate\":\"https:\/\/unrealroomescape.es\/gava\/?s={search_term_string}\"},\"query-input\":\"required name=search_term_string\"}],\"inLanguage\":\"es\"}]}<\/script>\n<!-- \/ Yoast SEO plugin. -->","yoast_head_json":{"title":"Escape Cumplea\u00f1os y Despedidas - UNREAL ROOM ESCAPE GAVA","robots":{"index":"index","follow":"follow","max-snippet":"max-snippet:-1","max-image-preview":"max-image-preview:large","max-video-preview":"max-video-preview:-1"},"canonical":"https:\/\/unrealroomescape.es\/gava\/room-escape-cumpleanos-despedidas\/","og_locale":"es_ES","og_type":"article","og_title":"Escape Cumplea\u00f1os y Despedidas - UNREAL ROOM ESCAPE GAVA","og_description":"[vc_row full_width=\u00bbstretch_row\u00bb to_para_bg=\u00bbimage\u00bb to_para_img=\u00bbhttps:\/\/unrealroomescape.es\/hospitalet\/wp-content\/uploads\/2014\/06\/escape-room.jpg\u00bb css=\u00bb.vc_custom_1732014446126{background-image: url(https:\/\/unrealroomescape.es\/gava\/wp-content\/uploads\/2024\/05\/fons-titol.jpg?id=837) !important;}\u00bb el_id=\u00bbtop-slider\u00bb][vc_column][vc_column_text] Escape para\u00a0Cumplea\u00f1os y Despedidas [\/vc_column_text][\/vc_column][\/vc_row][vc_row][vc_column][vc_column_text]\u00bfSe acerca un cumplea\u00f1os o alguna ocasi\u00f3n especial.","og_url":"https:\/\/unrealroomescape.es\/gava\/room-escape-cumpleanos-despedidas\/","og_site_name":"UNREAL ROOM ESCAPE GAVA","article_modified_time":"2024-11-19T11:07:34+00:00","twitter_card":"summary_large_image","twitter_misc":{"Tiempo de lectura":"3 minutos"},"schema":{"@context":"https:\/\/schema.org","@graph":[{"@type":"WebPage","@id":"https:\/\/unrealroomescape.es\/gava\/room-escape-cumpleanos-despedidas\/","url":"https:\/\/unrealroomescape.es\/gava\/room-escape-cumpleanos-despedidas\/","name":"Escape Cumplea\u00f1os y Despedidas - UNREAL ROOM ESCAPE GAVA","isPartOf":{"@id":"https:\/\/unrealroomescape.es\/gava\/#website"},"datePublished":"2021-12-03T12:57:11+00:00","dateModified":"2024-11-19T11:07:34+00:00","breadcrumb":{"@id":"https:\/\/unrealroomescape.es\/gava\/room-escape-cumpleanos-despedidas\/#breadcrumb"},"inLanguage":"es","potentialAction":[{"@type":"ReadAction","target":["https:\/\/unrealroomescape.es\/gava\/room-escape-cumpleanos-despedidas\/"]}]},{"@type":"BreadcrumbList","@id":"https:\/\/unrealroomescape.es\/gava\/room-escape-cumpleanos-despedidas\/#breadcrumb","itemListElement":[{"@type":"ListItem","position":1,"name":"Portada","item":"https:\/\/unrealroomescape.es\/gava\/"},{"@type":"ListItem","position":2,"name":"Escape Cumplea\u00f1os y Despedidas"}]},{"@type":"WebSite","@id":"https:\/\/unrealroomescape.es\/gava\/#website","url":"https:\/\/unrealroomescape.es\/gava\/","name":"UNREAL ROOM ESCAPE GAVA","description":"UNREAL ROOM ESCAPE GAVA","potentialAction":[{"@type":"SearchAction","target":{"@type":"EntryPoint","urlTemplate":"https:\/\/unrealroomescape.es\/gava\/?s={search_term_string}"},"query-input":"required name=search_term_string"}],"inLanguage":"es"}]}},"_links":{"self":[{"href":"https:\/\/unrealroomescape.es\/gava\/wp-json\/wp\/v2\/pages\/2"}],"collection":[{"href":"https:\/\/unrealroomescape.es\/gava\/wp-json\/wp\/v2\/pages"}],"about":[{"href":"https:\/\/unrealroomescape.es\/gava\/wp-json\/wp\/v2\/types\/page"}],"author":[{"embeddable":true,"href":"https:\/\/unrealroomescape.es\/gava\/wp-json\/wp\/v2\/users\/1"}],"replies":[{"embeddable":true,"href":"https:\/\/unrealroomescape.es\/gava\/wp-json\/wp\/v2\/comments?post=2"}],"version-history":[{"count":20,"href":"https:\/\/unrealroomescape.es\/gava\/wp-json\/wp\/v2\/pages\/2\/revisions"}],"predecessor-version":[{"id":839,"href":"https:\/\/unrealroomescape.es\/gava\/wp-json\/wp\/v2\/pages\/2\/revisions\/839"}],"wp:attachment":[{"href":"https:\/\/unrealroomescape.es\/gava\/wp-json\/wp\/v2\/media?parent=2"}],"curies":[{"name":"wp","href":"https:\/\/api.w.org\/{rel}","templated":true}]}}